{"id":151,"date":"2019-09-06T16:49:39","date_gmt":"2019-09-06T14:49:39","guid":{"rendered":"http:\/\/www.twlservis.cz\/?page_id=151"},"modified":"2025-03-11T11:47:55","modified_gmt":"2025-03-11T10:47:55","slug":"copper-tubes","status":"publish","type":"page","link":"https:\/\/www.twlservis.cz\/?page_id=151","title":{"rendered":"M\u011bd\u011bn\u00e9 trubky"},"content":{"rendered":"\n<figure class=\"wp-block-table is-style-stripes\" style=\"font-size:16px\"><table class=\"has-black-color has-text-color\"><thead><tr><\/tr><tr><td><strong>N\u00e1zev produktu<\/strong><\/td><td><strong>Norma<\/strong><\/td><td><strong>Slitina<\/strong><\/td><td><strong>Vn\u011bj\u0161\u00ed pr\u016fm\u011br, mm<\/strong><\/td><td><strong>Tlou\u0161\u0165ka st\u011bny, mm<\/strong><\/td><td><strong>D\u00e9lka, m<\/strong><\/td><td><strong>Stav dod\u00e1vky<\/strong><\/td><td><strong>Anotace<\/strong><\/td><\/tr><\/thead><tbody><tr><td>M\u011bd\u011bn\u00e9 trubky pro v\u0161eobecn\u00e9 pou\u017eit\u00ed<\/td><td>EN 12449 <\/td><td>Cu-DHP, Cu-ETP <\/td><td>6.0-55.0 <\/td><td>0.75-3.5 <\/td><td>C\u00edvky, Rovn\u00e1 d\u00e9lka<\/td><td>Extrudovan\u00e9, Draw<\/td><td>&nbsp;<\/td><\/tr><tr><td>M\u011bd\u011bn\u00e9 trubky, tenkost\u011bnn\u00e9<\/td><td>GOST 11383-75 GOST \u0412 17646-78 <\/td><td>Cu-DHP, Cu-ETP<\/td><td>1.5-28.0<\/td><td>0.15-0.7<\/td><td>C\u00edvky, Rovn\u00e1 d\u00e9lka<\/td><td>Draw<\/td><td>&nbsp;<\/td><\/tr><tr><td>M\u011bd\u011bn\u00e9 trubky pro vybaven\u00ed dom\u00e1c\u00edch a pr\u016fmyslov\u00fdch klimatizac\u00ed, chladni\u010dek a mrazni\u010dek<\/td><td>\n\t\t\tEN 12735\n\n\t\t\tASTM B 280\n\n\t\t\tASTM B 68 \u041c\n\n\t\t\tASTM B 68\/251\n\n\t\t\t&nbsp;\n\t\t\t<\/td><td>Cu-DHP, \u042112200 <\/td><td>4.75-76.1 <\/td><td>0.35-2.03 <\/td><td>C\u00edvky, Rovn\u00e1 d\u00e9lka<\/td><td>Draw<\/td><td>&nbsp;<\/td><\/tr><tr><td>M\u011bd\u011bn\u00e9 trubky pro rozvody vody, topen\u00ed a plynu<\/td><td>EN 1057 EN 12451 ASTM&nbsp; B 88 <\/td><td>Cu-DHP, \u042112200 <\/td><td>6.0-108.0 <\/td><td>0.5-3.0 <\/td><td>C\u00edvky, Rovn\u00e1 d\u00e9lka<\/td><td>Draw<\/td><td>V\u010detn\u011b: potrub\u00ed<\/td><\/tr><tr><td>M\u011bd\u011bn\u00e9 trubky pro v\u00fdm\u011bn\u00edky tepla<\/td><td>EN 12451 ASTM B 111 <\/td><td>Cu-DHP, \u042112200 <\/td><td>\n\t\t\t6.0-50.0\n\t\t\t<\/td><td>\n\t\t\t0.8-3\n\t\t\t<\/td><td>Rovn\u00e1 d\u00e9lka<\/td><td>Draw<\/td><td>&nbsp;<\/td><\/tr><\/tbody><\/table><\/figure>\n\n\n\n<p class=\"has-black-color has-text-color\" style=\"font-size:16px\">M\u011bd\u011bn\u00e9 vodovodn\u00ed potrub\u00ed a klimatiza\u010dn\u00ed potrub\u00ed LLC \u201eUMMC-NFMP\u201c maj\u00ed n\u00e1sleduj\u00edc\u00ed siln\u00e9 str\u00e1nky:<\/p>\n\n\n\n<ul class=\"wp-block-list\" style=\"font-size:16px\">\n<li>Evropsk\u00e1 kvalita<\/li>\n<\/ul>\n\n\n\n<ul class=\"wp-block-list\" style=\"font-size:16px\">\n<li>Dlouh\u00e1 \u017eivotnost, spolehlivost a jednoduch\u00fd mechanismus v\u0161ech jednotek<\/li>\n<\/ul>\n\n\n\n<ul class=\"wp-block-list\" style=\"font-size:16px\">\n<li>N\u00edzk\u00e1 cena<\/li>\n<\/ul>\n\n\n\n<ul class=\"wp-block-list\" style=\"font-size:16px\">\n<li>Nekomplikovan\u00fd postup instalace pomoc\u00ed kompresn\u00edch \u0161rouben\u00ed nebo p\u00e1jen\u00ed<\/li>\n<\/ul>\n\n\n\n<ul class=\"wp-block-list\" style=\"font-size:16px\">\n<li>Snadno se roz\u0161i\u0159uj\u00ed<\/li>\n<\/ul>\n\n\n\n<ul class=\"wp-block-list\" style=\"font-size:16px\">\n<li>Jsou provozov\u00e1ny d\u00e9le, ne\u017e je \u017eivotnost konstrukce<\/li>\n<\/ul>\n\n\n\n<p class=\"has-black-color has-text-color\" style=\"font-size:16px\">M\u011bd\u011bn\u00e9 trubky pro vzduchotechniku \u200b\u200bnebo m\u011bd\u011bn\u00e9 vodovodn\u00ed potrub\u00ed, stejn\u011b jako dal\u0161\u00ed typy trubek.<\/p>\n\n\n\n<p class=\"has-black-color has-text-color\" style=\"font-size:16px\">M\u011bd\u011bn\u00e9 vodovodn\u00ed potrub\u00ed.<br>Trubky pro ventila\u010dn\u00ed syst\u00e9my a topn\u00e9 syst\u00e9my<br>Vysoce kvalitn\u00ed m\u011bd\u011bn\u00e9 \u0159ady Cu-DHP a maj\u00ed p\u0159\u00edslu\u0161n\u00e9 mezin\u00e1rodn\u00ed a Evropsk\u00e9 certifik\u00e1ty ASTM B280, EN 12735-1 a EN 1057, resp. a spl\u0148uj\u00ed po\u017eadavky na\u0161\u00ed GOST 617.<\/p>\n\n\n\n<p class=\"has-black-color has-text-color\" style=\"font-size:16px\">Vynikaj\u00edc\u00ed provozn\u00ed vlastnosti m\u011bd\u011bn\u00fdch trubek pro vyt\u00e1p\u011bn\u00ed, vzduch. klimatizace a z\u00e1sobov\u00e1n\u00ed vodou (pro r\u016fzn\u00e9 potrubn\u00ed syst\u00e9my).<\/p>\n\n\n\n<p class=\"has-black-color has-text-color\" style=\"font-size:16px\">ISO 9001: 2000 Brit Standards Institution No86683 potvrzuje syst\u00e9m managementu kvality tov\u00e1rn\u00ed v\u00fdrobky. V\u00fdroba a n\u00e1sledn\u00e9 zna\u010den\u00ed a balen\u00ed produkty jsou prov\u00e1d\u011bny v souladu s normami mezin\u00e1rodn\u00ed a n\u00e1rodn\u00ed v\u00fdznam &#8211; GOST, ASTM a EN.<\/p>\n\n\n\n<p class=\"has-black-color has-text-color\" style=\"font-size:16px\">V libovoln\u00e9m vhodn\u00e9m term\u00ednu si m\u016f\u017eete velkoobchodn\u011b a maloobchodn\u011b objednat r\u016fzn\u00e9\u00a0 typy m\u011bd\u011bn\u00fdch vodovodn\u00edch\u00a0 trubek a dal\u0161\u00edch produkt\u016f dostupn\u00fdch ve skladu. <\/p>\n","protected":false},"excerpt":{"rendered":"<p>N\u00e1zev produktu Norma Slitina Vn\u011bj\u0161\u00ed pr\u016fm\u011br, mm Tlou\u0161\u0165ka st\u011bny, mm D\u00e9lka, m Stav dod\u00e1vky Anotace M\u011bd\u011bn\u00e9 trubky pro v\u0161eobecn\u00e9 pou\u017eit\u00ed EN 12449 Cu-DHP, Cu-ETP 6.0-55.0 0.75-3.5 C\u00edvky, Rovn\u00e1 d\u00e9lka Extrudovan\u00e9, Draw &nbsp; M\u011bd\u011bn\u00e9 trubky, tenkost\u011bnn\u00e9 GOST 11383-75 GOST \u0412 17646-78 Cu-DHP, Cu-ETP 1.5-28.0 0.15-0.7 C\u00edvky, Rovn\u00e1 d\u00e9lka Draw &nbsp; M\u011bd\u011bn\u00e9&#8230;<\/p>\n","protected":false},"author":1,"featured_media":0,"parent":0,"menu_order":0,"comment_status":"closed","ping_status":"closed","template":"","meta":{"footnotes":""},"class_list":["post-151","page","type-page","status-publish","hentry"],"_links":{"self":[{"href":"https:\/\/www.twlservis.cz\/index.php?rest_route=\/wp\/v2\/pages\/151","targetHints":{"allow":["GET"]}}],"collection":[{"href":"https:\/\/www.twlservis.cz\/index.php?rest_route=\/wp\/v2\/pages"}],"about":[{"href":"https:\/\/www.twlservis.cz\/index.php?rest_route=\/wp\/v2\/types\/page"}],"author":[{"embeddable":true,"href":"https:\/\/www.twlservis.cz\/index.php?rest_route=\/wp\/v2\/users\/1"}],"replies":[{"embeddable":true,"href":"https:\/\/www.twlservis.cz\/index.php?rest_route=%2Fwp%2Fv2%2Fcomments&post=151"}],"version-history":[{"count":25,"href":"https:\/\/www.twlservis.cz\/index.php?rest_route=\/wp\/v2\/pages\/151\/revisions"}],"predecessor-version":[{"id":1032,"href":"https:\/\/www.twlservis.cz\/index.php?rest_route=\/wp\/v2\/pages\/151\/revisions\/1032"}],"wp:attachment":[{"href":"https:\/\/www.twlservis.cz\/index.php?rest_route=%2Fwp%2Fv2%2Fmedia&parent=151"}],"curies":[{"name":"wp","href":"https:\/\/api.w.org\/{rel}","templated":true}]}}