{"id":154,"date":"2019-09-06T16:50:50","date_gmt":"2019-09-06T14:50:50","guid":{"rendered":"http:\/\/www.twlservis.cz\/?page_id=154"},"modified":"2025-02-17T15:22:50","modified_gmt":"2025-02-17T14:22:50","slug":"products","status":"publish","type":"page","link":"https:\/\/www.twlservis.cz\/?page_id=154","title":{"rendered":"Ne\u017eelezn\u00e9 materi\u00e1ly"},"content":{"rendered":"\n<figure class=\"wp-block-table is-style-stripes\" style=\"font-size:16px\"><table class=\"has-black-color has-text-color has-fixed-layout\"><tbody><tr><td><strong>Ne\u017eelezn\u00e9 kovy<\/strong><\/td><td><\/td><td><\/td><td><strong>V\u00fdroba za studena, tv\u00e1\u0159ec\u00ed d\u00edlna<\/strong><\/td><\/tr><tr><td>Obl\u00edben\u00e9 polo\u017eky<\/td><td><\/td><td>V\u00fdb\u011br materi\u00e1lu<\/td><td><\/td><\/tr><tr><td><a href=\"http:\/\/www.twlservis.cz\/?page_id=151\">M\u011bd\u011bn\u00e9 trubky<\/a><\/td><td><a href=\"http:\/\/www.twlservis.cz\/?page_id=166\">M\u011bd\u011bn\u00e9 p\u00e1sky<\/a><\/td><td><a href=\"http:\/\/www.twlservis.cz\/?page_id=187\">M\u011b\u010f<\/a><\/td><td><a href=\"http:\/\/www.twlservis.cz\/?page_id=202\">Kabelov\u00e1 oka<\/a><\/td><\/tr><tr><td><a href=\"http:\/\/www.twlservis.cz\/?page_id=157\">M\u011bd\u011bn\u00e1 st\u0159echa<\/a><\/td><td><a href=\"http:\/\/www.twlservis.cz\/?page_id=169\">Mosazn\u00e9 ty\u010de<\/a><\/td><td><a href=\"http:\/\/www.twlservis.cz\/?page_id=190\">Mosaz<\/a><\/td><td><a href=\"http:\/\/www.twlservis.cz\/?page_id=219\">Kabelov\u00e1 obj\u00edmka<\/a><\/td><\/tr><tr><td><a href=\"http:\/\/www.twlservis.cz\/?page_id=160\">M\u011bd\u011bn\u00e9 ty\u010de\/p\u0159\u00edpojnice<\/a><\/td><td><a href=\"http:\/\/www.twlservis.cz\/?page_id=172\">M\u011bd\u011bn\u00e9 ty\u010de<\/a><\/td><td><a href=\"http:\/\/www.twlservis.cz\/?page_id=193\">Bronz<\/a><\/td><td><a href=\"http:\/\/www.twlservis.cz\/?page_id=221\">M\u011bd\u011bn\u00e9 podlo\u017eky a t\u011bsn\u011bn\u00ed<\/a><\/td><\/tr><tr><td><a href=\"http:\/\/www.twlservis.cz\/?page_id=163\">Mosazn\u00e9 trubky<\/a><\/td><td><a href=\"http:\/\/www.twlservis.cz\/?page_id=175\">M\u011bd\u011bn\u00e9 plechy<\/a><\/td><td><a href=\"http:\/\/www.twlservis.cz\/?page_id=196\">Nikl a slitina m\u011bdi a niklu<\/a><\/td><td><\/td><\/tr><tr><td><\/td><td><a href=\"http:\/\/www.twlservis.cz\/?page_id=178\">M\u011bd\u011bn\u00e9 desky<\/a><\/td><td><\/td><td><\/td><\/tr><\/tbody><\/table><\/figure>\n\n\n\n<p class=\"has-small-font-size\"><\/p>\n","protected":false},"excerpt":{"rendered":"<p>Ne\u017eelezn\u00e9 kovy V\u00fdroba za studena, tv\u00e1\u0159ec\u00ed d\u00edlna Obl\u00edben\u00e9 polo\u017eky V\u00fdb\u011br materi\u00e1lu M\u011bd\u011bn\u00e9 trubky M\u011bd\u011bn\u00e9 p\u00e1sky M\u011b\u010f Kabelov\u00e1 oka M\u011bd\u011bn\u00e1 st\u0159echa Mosazn\u00e9 ty\u010de Mosaz Kabelov\u00e1 obj\u00edmka M\u011bd\u011bn\u00e9 ty\u010de\/p\u0159\u00edpojnice M\u011bd\u011bn\u00e9 ty\u010de Bronz M\u011bd\u011bn\u00e9 podlo\u017eky a t\u011bsn\u011bn\u00ed Mosazn\u00e9 trubky M\u011bd\u011bn\u00e9 plechy Nikl a slitina m\u011bdi a niklu M\u011bd\u011bn\u00e9 desky<\/p>\n","protected":false},"author":1,"featured_media":0,"parent":0,"menu_order":0,"comment_status":"closed","ping_status":"closed","template":"","meta":{"footnotes":""},"class_list":["post-154","page","type-page","status-publish","hentry"],"_links":{"self":[{"href":"https:\/\/www.twlservis.cz\/index.php?rest_route=\/wp\/v2\/pages\/154","targetHints":{"allow":["GET"]}}],"collection":[{"href":"https:\/\/www.twlservis.cz\/index.php?rest_route=\/wp\/v2\/pages"}],"about":[{"href":"https:\/\/www.twlservis.cz\/index.php?rest_route=\/wp\/v2\/types\/page"}],"author":[{"embeddable":true,"href":"https:\/\/www.twlservis.cz\/index.php?rest_route=\/wp\/v2\/users\/1"}],"replies":[{"embeddable":true,"href":"https:\/\/www.twlservis.cz\/index.php?rest_route=%2Fwp%2Fv2%2Fcomments&post=154"}],"version-history":[{"count":44,"href":"https:\/\/www.twlservis.cz\/index.php?rest_route=\/wp\/v2\/pages\/154\/revisions"}],"predecessor-version":[{"id":1007,"href":"https:\/\/www.twlservis.cz\/index.php?rest_route=\/wp\/v2\/pages\/154\/revisions\/1007"}],"wp:attachment":[{"href":"https:\/\/www.twlservis.cz\/index.php?rest_route=%2Fwp%2Fv2%2Fmedia&parent=154"}],"curies":[{"name":"wp","href":"https:\/\/api.w.org\/{rel}","templated":true}]}}