{"id":163,"date":"2019-09-06T16:54:16","date_gmt":"2019-09-06T14:54:16","guid":{"rendered":"http:\/\/www.twlservis.cz\/?page_id=163"},"modified":"2025-02-17T10:11:23","modified_gmt":"2025-02-17T09:11:23","slug":"brass-tubes","status":"publish","type":"page","link":"https:\/\/www.twlservis.cz\/?page_id=163","title":{"rendered":"Mosazn\u00e9 trubky"},"content":{"rendered":"\n<figure class=\"wp-block-table is-style-stripes\" style=\"font-size:16px\"><table class=\"has-black-color has-text-color\"><thead><tr><\/tr><tr><td class=\"has-text-align-left\" data-align=\"left\"><strong>N\u00e1zev produktu<\/strong><\/td><td><strong>Norma<\/strong> <\/td><td><strong>Slitina<\/strong> <\/td><td><strong>Vn\u011bj\u0161\u00ed pr\u016fm\u011br, mm<\/strong> <\/td><td><strong>Tlou\u0161\u0165ka st\u011bny, mm<\/strong><\/td><td><strong>D\u00e9lka, m<\/strong><\/td><td><strong>Stav dod\u00e1vky<\/strong> <\/td><td><strong>Anotace<\/strong><\/td><\/tr><\/thead><tbody><tr><td class=\"has-text-align-left\" data-align=\"left\">Mosazn\u00e9 trubky pro v\u0161eobecn\u00e9 pou\u017eit\u00ed <\/td><td>EN 12499 GOST 494-90 <\/td><td>CuZn20 CuZn37 <\/td><td>\n\t\t\t3-475\n\t\t\t<\/td><td>\n\t\t\t0.5-95.0\n\t\t\t<\/td><td>C\u00edvky, Rovn\u00e1 d\u00e9lka<\/td><td>Extrudovan\u00e9, Draw <\/td><td>&nbsp;<\/td><\/tr><tr><td class=\"has-text-align-left\" data-align=\"left\">Mosazn\u00e9 tenkost\u011bnn\u00e9 trubky<\/td><td>GOST 11383-75 <\/td><td>CuZn37<\/td><td>1.5-28.0<\/td><td>0.15-0.7<\/td><td>C\u00edvky, Rovn\u00e1 d\u00e9lka<\/td><td>Draw<\/td><td>&nbsp;<\/td><\/tr><tr><td class=\"has-text-align-left\" data-align=\"left\">Trubky z mosazn\u00e9ho vlnovodu <\/td><td>GOST 20900-75 <\/td><td>CuZn37 <\/td><td>\n\t\t\t&nbsp;\n\t\t\t<\/td><td>\n\t\t\t0.5-2.5\n\t\t\t<\/td><td>Rovn\u00e1 d\u00e9lka<\/td><td>Draw<\/td><td>\u010ctverec<\/td><\/tr><tr><td class=\"has-text-align-left\" data-align=\"left\">Mosazn\u00e9 trubky pro v\u00fdm\u011bn\u00edky tepla<\/td><td>ASTM B 111 EN 12451 GOST 21646-2003 GOST \u0420 51573 <\/td><td>CuZn20Al2As CuZn28Sn1As C44300 C68700 <\/td><td>\n\t\t\t10-50\n\t\t\t<\/td><td>\n\t\t\t0.8-3.0\n\t\t\t<\/td><td>1.0-12.0<\/td><td>Draw<\/td><td>&nbsp;<\/td><\/tr><\/tbody><\/table><\/figure>\n","protected":false},"excerpt":{"rendered":"<p>N\u00e1zev produktu Norma Slitina Vn\u011bj\u0161\u00ed pr\u016fm\u011br, mm Tlou\u0161\u0165ka st\u011bny, mm D\u00e9lka, m Stav dod\u00e1vky Anotace Mosazn\u00e9 trubky pro v\u0161eobecn\u00e9 pou\u017eit\u00ed EN 12499 GOST 494-90 CuZn20 CuZn37 3-475 0.5-95.0 C\u00edvky, Rovn\u00e1 d\u00e9lka Extrudovan\u00e9, Draw &nbsp; Mosazn\u00e9 tenkost\u011bnn\u00e9 trubky GOST 11383-75 CuZn37 1.5-28.0 0.15-0.7 C\u00edvky, Rovn\u00e1 d\u00e9lka Draw &nbsp; Trubky z mosazn\u00e9ho&#8230;<\/p>\n","protected":false},"author":1,"featured_media":0,"parent":0,"menu_order":0,"comment_status":"closed","ping_status":"closed","template":"","meta":{"footnotes":""},"class_list":["post-163","page","type-page","status-publish","hentry"],"_links":{"self":[{"href":"https:\/\/www.twlservis.cz\/index.php?rest_route=\/wp\/v2\/pages\/163","targetHints":{"allow":["GET"]}}],"collection":[{"href":"https:\/\/www.twlservis.cz\/index.php?rest_route=\/wp\/v2\/pages"}],"about":[{"href":"https:\/\/www.twlservis.cz\/index.php?rest_route=\/wp\/v2\/types\/page"}],"author":[{"embeddable":true,"href":"https:\/\/www.twlservis.cz\/index.php?rest_route=\/wp\/v2\/users\/1"}],"replies":[{"embeddable":true,"href":"https:\/\/www.twlservis.cz\/index.php?rest_route=%2Fwp%2Fv2%2Fcomments&post=163"}],"version-history":[{"count":11,"href":"https:\/\/www.twlservis.cz\/index.php?rest_route=\/wp\/v2\/pages\/163\/revisions"}],"predecessor-version":[{"id":708,"href":"https:\/\/www.twlservis.cz\/index.php?rest_route=\/wp\/v2\/pages\/163\/revisions\/708"}],"wp:attachment":[{"href":"https:\/\/www.twlservis.cz\/index.php?rest_route=%2Fwp%2Fv2%2Fmedia&parent=163"}],"curies":[{"name":"wp","href":"https:\/\/api.w.org\/{rel}","templated":true}]}}