{"id":166,"date":"2019-09-06T16:58:19","date_gmt":"2019-09-06T14:58:19","guid":{"rendered":"http:\/\/www.twlservis.cz\/?page_id=166"},"modified":"2025-02-17T15:26:09","modified_gmt":"2025-02-17T14:26:09","slug":"copper-tapes","status":"publish","type":"page","link":"https:\/\/www.twlservis.cz\/?page_id=166","title":{"rendered":"M\u011bd\u011bn\u00e9 p\u00e1sky"},"content":{"rendered":"\n<h1 class=\"wp-block-heading has-black-color has-text-color\">M\u011bd\u011bn\u00e9 p\u00e1sky (prou\u017eky)<\/h1>\n\n\n\n<figure class=\"wp-block-table is-style-stripes\" style=\"font-size:16px\"><table class=\"has-black-color has-text-color\"><thead><tr><td><strong>N\u00e1zev produktu<\/strong><\/td><td><strong>Norma<\/strong><\/td><td><strong>Slitina<\/strong><\/td><td><strong>Tlou\u0161\u0165ka, mm<\/strong><\/td><td><strong>\u0160\u00ed\u0159ka, mm<\/strong><\/td><td><strong>Podm\u00edn\u011bn\u00e9 dod\u00e1vky<\/strong><\/td><\/tr><\/thead><tbody><tr><td>M\u011bd\u011bn\u00e9 p\u00e1sky (prou\u017eky)<\/td><td>EN 1652 EN 1172 GOST 1018-77 GOST 1173-2006 GOST 20707-80 <\/td><td>Cu-ETP, Cu-DHP, Cu-DLP <\/td><td>0.05-4.5 <\/td><td>10-710 <\/td><td>V\u00e1lcovan\u00e9 za studena<\/td><\/tr><\/tbody><\/table><\/figure>\n","protected":false},"excerpt":{"rendered":"<p>M\u011bd\u011bn\u00e9 p\u00e1sky (prou\u017eky) N\u00e1zev produktu Norma Slitina Tlou\u0161\u0165ka, mm \u0160\u00ed\u0159ka, mm Podm\u00edn\u011bn\u00e9 dod\u00e1vky M\u011bd\u011bn\u00e9 p\u00e1sky (prou\u017eky) EN 1652 EN 1172 GOST 1018-77 GOST 1173-2006 GOST 20707-80 Cu-ETP, Cu-DHP, Cu-DLP 0.05-4.5 10-710 V\u00e1lcovan\u00e9 za studena<\/p>\n","protected":false},"author":1,"featured_media":0,"parent":0,"menu_order":0,"comment_status":"closed","ping_status":"closed","template":"","meta":{"footnotes":""},"class_list":["post-166","page","type-page","status-publish","hentry"],"_links":{"self":[{"href":"https:\/\/www.twlservis.cz\/index.php?rest_route=\/wp\/v2\/pages\/166","targetHints":{"allow":["GET"]}}],"collection":[{"href":"https:\/\/www.twlservis.cz\/index.php?rest_route=\/wp\/v2\/pages"}],"about":[{"href":"https:\/\/www.twlservis.cz\/index.php?rest_route=\/wp\/v2\/types\/page"}],"author":[{"embeddable":true,"href":"https:\/\/www.twlservis.cz\/index.php?rest_route=\/wp\/v2\/users\/1"}],"replies":[{"embeddable":true,"href":"https:\/\/www.twlservis.cz\/index.php?rest_route=%2Fwp%2Fv2%2Fcomments&post=166"}],"version-history":[{"count":12,"href":"https:\/\/www.twlservis.cz\/index.php?rest_route=\/wp\/v2\/pages\/166\/revisions"}],"predecessor-version":[{"id":1011,"href":"https:\/\/www.twlservis.cz\/index.php?rest_route=\/wp\/v2\/pages\/166\/revisions\/1011"}],"wp:attachment":[{"href":"https:\/\/www.twlservis.cz\/index.php?rest_route=%2Fwp%2Fv2%2Fmedia&parent=166"}],"curies":[{"name":"wp","href":"https:\/\/api.w.org\/{rel}","templated":true}]}}