{"id":169,"date":"2019-09-06T16:59:00","date_gmt":"2019-09-06T14:59:00","guid":{"rendered":"http:\/\/www.twlservis.cz\/?page_id=169"},"modified":"2025-02-16T13:02:33","modified_gmt":"2025-02-16T12:02:33","slug":"brass-rod","status":"publish","type":"page","link":"https:\/\/www.twlservis.cz\/?page_id=169","title":{"rendered":"Mosazn\u00e9 ty\u010de"},"content":{"rendered":"\n<figure class=\"wp-block-table is-style-stripes\" style=\"font-size:14px\"><table class=\"has-black-color has-text-color\"><thead><tr><td><strong>N\u00e1zev produktu<\/strong> <\/td><td class=\"has-text-align-left\" data-align=\"left\"> <strong>Norma<\/strong> <\/td><td> <strong>Slitina<\/strong> <\/td><td> <strong>Pr\u016fm\u011br, mm<\/strong> <\/td><td> <strong>Sekce<\/strong> <\/td><td><strong>D\u00e9lka, m<\/strong> <\/td><td><strong>Podm\u00edn\u011bn\u00e9 dod\u00e1vky<\/strong> <\/td><td> <strong>Anotace<\/strong> <\/td><\/tr><\/thead><tbody><tr><td>Mosazn\u00e9 ty\u010de <\/td><td class=\"has-text-align-left\" data-align=\"left\">EN 12163, EN 12164, EN 12165, EN 12167 GOST 6688-91 GOST 2060-2006 GOST \u0420 52597 \u2013 2006 \u00a0 <\/td><td>\u0421uZn37 CuZn39Pb2 CuZn39Pb3 CuZn40Pb2 <\/td><td>\n\t\t\t3-220\n\t\t\t<\/td><td>V\u010detn\u011b sekce: obd\u00e9ln\u00edkov\u00e9, \u010dtvercov\u00e9, kulat\u00e9 a \u0161estihrann\u00e9 <\/td><td>C\u00edvky, Rovn\u00e1 d\u00e9lka <\/td><td>Extrudovan\u00e9, Draw <\/td><td>V\u010detn\u011b: antimagnetick\u00e9, pro automatick\u00e9 obr\u00e1b\u011bn\u00ed, sva\u0159ov\u00e1n\u00ed, po\u017eadavky na mikrostrukturu, s dohodnut\u00fdmi mechanick\u00fdmi vlastnostmi <\/td><\/tr><\/tbody><\/table><\/figure>\n\n\n\n<p class=\"has-text-color\" style=\"color:#010101;font-size:16px\">UMMC-NFMP&nbsp;dod\u00e1v\u00e1 vysoce kvalitn\u00ed&nbsp;mosazn\u00e9 ty\u010de, kter\u00e9 jsou vyrobeny&nbsp;podle&nbsp;nejvy\u0161\u0161\u00edch po\u017eadavk\u016f na v\u00e1lcovan\u00e9 kovy.<\/p>\n\n\n\n<p class=\"has-black-color has-text-color\" style=\"font-size:18px\"><strong>V\u00fdhody mosazi:<\/strong><\/p>\n\n\n\n<ul class=\"wp-block-list\">\n<li style=\"font-size:16px\">odoln\u011bj\u0161\u00ed ne\u017e m\u011b\u010f;<\/li>\n\n\n\n<li style=\"font-size:16px\">vysok\u00e1 hou\u017eevnatost;<\/li>\n\n\n\n<li style=\"font-size:16px\">m\u00e1 tvrdost a odolnost proti korozi;<\/li>\n\n\n\n<li style=\"font-size:16px\">snadno se le\u0161t\u00ed;<\/li>\n\n\n\n<li style=\"font-size:16px\">m\u00e1 kr\u00e1snou barvu (\u017elut\u00e1 s na\u010dervenal\u00fdm n\u00e1dechem);<\/li>\n\n\n\n<li style=\"font-size:16px\">m\u00e1 dostupnou cenu ve srovn\u00e1n\u00ed s jin\u00fdmi ne\u017eelezn\u00fdmi kovy, jako je m\u011b\u010f.<\/li>\n<\/ul>\n\n\n\n<h3 class=\"wp-block-heading has-black-color has-text-color\" style=\"font-size:18px\">Rozsah ty\u010d\u00ed:<\/h3>\n\n\n\n<p class=\"has-black-color has-text-color\">Mosazn\u00e9 ty\u010de jsou vyr\u00e1b\u011bny v souladu s n\u00e1sleduj\u00edc\u00edmi mezin\u00e1rodn\u00edmi a rusk\u00fdmi normami:<\/p>\n\n\n\n<ul class=\"wp-block-list\">\n<li>EN 12167, 12165, 12163, 12164<\/li>\n\n\n\n<li>GOST 2060-2006, 6688-91, 52597 &#8211; 2006<\/li>\n\n\n\n<li>podle va\u0161ich specifikac\u00ed<\/li>\n<\/ul>\n\n\n\n<p class=\"has-black-color has-text-color\">Specifikace produktu z\u00e1vis\u00ed na typu slitiny. Mosazn\u00e9 ty\u010de jsou vyrobeny ze slitin:\u00a0\u0421uZn37,\u00a0CuZn39Pb2,\u00a0CuZn39Pb3,\u00a0CuZn40Pb2, atd.<\/p>\n\n\n\n<p class=\"has-black-color has-text-color\">Ty\u010de jsou vyr\u00e1b\u011bny s t\u011bmito pr\u016f\u0159ezy:<\/p>\n\n\n\n<ul class=\"wp-block-list\">\n<li>kulat\u00fd<\/li>\n\n\n\n<li>\u010dtvercov\u00fd<\/li>\n\n\n\n<li>obd\u00e9ln\u00edkov\u00fd<\/li>\n\n\n\n<li>\u0161esti\u00faheln\u00edkov\u00fd<\/li>\n<\/ul>\n\n\n\n<h2 class=\"wp-block-heading has-black-color has-text-color\">Vlastnosti v\u00fdroby:<\/h2>\n\n\n\n<p>Mosazn\u00e9 ty\u010de, stejn\u011b jako dal\u0161\u00ed mosazn\u00e9 p\u0159edvalky, jsou \u0161iroce pou\u017e\u00edv\u00e1ny ve stroj\u00edrenstv\u00ed a v\u00fdrob\u011b n\u00e1stroj\u016f, v leteck\u00e9m a kosmick\u00e9m pr\u016fmyslu. D\u016fvodem jejich \u0161irok\u00e9ho uplatn\u011bn\u00ed je vysok\u00e1 odolnost proti korozi a vynikaj\u00edc\u00ed v\u00fdkonnostn\u00ed charakteristiky (snadn\u00e9 zpracov\u00e1n\u00ed r\u016fzn\u00fdmi zp\u016fsoby, vysok\u00e1 tvrdost, pevnost).<\/p>\n\n\n\n<p>Mosazn\u00e9 ty\u010de jsou flexibiln\u00ed, odoln\u00fd a eticky p\u0159\u00edjemn\u00fd produkt spole\u010dnosti<br>v\u00e1lcovan\u00e9 kovov\u00e9 v\u00fdrobky. M\u016f\u017eete si objednat a koupit mosazn\u00e9 ty\u010de za v\u00fdrobn\u00ed ceny. Sta\u010d\u00ed vyplnit n\u00ed\u017ee uveden\u00fd objedn\u00e1vkov\u00fd formul\u00e1\u0159.<\/p>\n\n\n\n<p>UMMC-NFMP je nejv\u011bt\u0161\u00edm v\u00fdrobcem ne\u017eelezn\u00e9ho v\u00e1lcovan\u00e9ho kovu vyroben\u00e9ho z m\u011bdi a jej\u00edch slitin v Rusku. M\u016f\u017eete si koupit mosazn\u00e9 ty\u010de, kter\u00e9 vyr\u00e1b\u00ed rusk\u00e9 z\u00e1vody.<\/p>\n\n\n\n<h2 class=\"wp-block-heading has-black-color has-text-color\">Dod\u00e1vky mosazn\u00fdch ty\u010d\u00ed<\/h2>\n\n\n\n<p>Pokud si koup\u00edte mosazn\u00e9 ty\u010de od UMMC-NFMP, koup\u00edte produkty od v\u00fdrobce bez jak\u00fdchkoliv obchodn\u00edch (p\u0159eprodejn\u00edch) spole\u010dnost\u00ed.<\/p>\n\n\n\n<p>Dod\u00e1vka mosazn\u00fdch ty\u010d\u00ed od 500 kg.<\/p>\n","protected":false},"excerpt":{"rendered":"<p>N\u00e1zev produktu Norma Slitina Pr\u016fm\u011br, mm Sekce D\u00e9lka, m Podm\u00edn\u011bn\u00e9 dod\u00e1vky Anotace Mosazn\u00e9 ty\u010de EN 12163, EN 12164, EN 12165, EN 12167 GOST 6688-91 GOST 2060-2006 GOST \u0420 52597 \u2013 2006 \u00a0 \u0421uZn37 CuZn39Pb2 CuZn39Pb3 CuZn40Pb2 3-220 V\u010detn\u011b sekce: obd\u00e9ln\u00edkov\u00e9, \u010dtvercov\u00e9, kulat\u00e9 a \u0161estihrann\u00e9 C\u00edvky, Rovn\u00e1 d\u00e9lka Extrudovan\u00e9, Draw V\u010detn\u011b:&#8230;<\/p>\n","protected":false},"author":1,"featured_media":0,"parent":0,"menu_order":0,"comment_status":"closed","ping_status":"closed","template":"","meta":{"footnotes":""},"class_list":["post-169","page","type-page","status-publish","hentry"],"_links":{"self":[{"href":"https:\/\/www.twlservis.cz\/index.php?rest_route=\/wp\/v2\/pages\/169","targetHints":{"allow":["GET"]}}],"collection":[{"href":"https:\/\/www.twlservis.cz\/index.php?rest_route=\/wp\/v2\/pages"}],"about":[{"href":"https:\/\/www.twlservis.cz\/index.php?rest_route=\/wp\/v2\/types\/page"}],"author":[{"embeddable":true,"href":"https:\/\/www.twlservis.cz\/index.php?rest_route=\/wp\/v2\/users\/1"}],"replies":[{"embeddable":true,"href":"https:\/\/www.twlservis.cz\/index.php?rest_route=%2Fwp%2Fv2%2Fcomments&post=169"}],"version-history":[{"count":29,"href":"https:\/\/www.twlservis.cz\/index.php?rest_route=\/wp\/v2\/pages\/169\/revisions"}],"predecessor-version":[{"id":668,"href":"https:\/\/www.twlservis.cz\/index.php?rest_route=\/wp\/v2\/pages\/169\/revisions\/668"}],"wp:attachment":[{"href":"https:\/\/www.twlservis.cz\/index.php?rest_route=%2Fwp%2Fv2%2Fmedia&parent=169"}],"curies":[{"name":"wp","href":"https:\/\/api.w.org\/{rel}","templated":true}]}}