{"id":172,"date":"2019-09-06T16:59:35","date_gmt":"2019-09-06T14:59:35","guid":{"rendered":"http:\/\/www.twlservis.cz\/?page_id=172"},"modified":"2025-02-17T11:46:21","modified_gmt":"2025-02-17T10:46:21","slug":"copper-rod","status":"publish","type":"page","link":"https:\/\/www.twlservis.cz\/?page_id=172","title":{"rendered":"M\u011bd\u011bn\u00e9 ty\u010de"},"content":{"rendered":"\n<figure class=\"wp-block-table is-style-stripes\" style=\"font-size:16px\"><table class=\"has-black-color has-text-color\"><thead><tr><td><strong>N\u00e1zev produktu<\/strong><\/td><td><strong>Norma<\/strong><\/td><td><strong>Slitina<\/strong><\/td><td><strong>Pr\u016fm\u011br, mm<\/strong><\/td><td><strong>Sekce<\/strong><\/td><td><strong>D\u00e9lka, m<\/strong><\/td><td><strong>Stav dod\u00e1vky<\/strong><\/td><td><strong>Anotace<\/strong><\/td><\/tr><\/thead><tbody><tr><td>M\u011bd\u011bn\u00e9 ty\u010de<\/td><td>EN 13601 EN 12163 GOST 1535-2006 GOST 10988-75 <\/td><td>Cu-ETP, Cu-DHP, Cu-DLP, Cu-Of <\/td><td>3-205 <\/td><td>V\u010detn\u011b sekce: \u010dtvercov\u00fd, kulat\u00fd a \u0161estihrann\u00fd<\/td><td>C\u00edvky, Rovn\u00e1 d\u00e9lka<\/td><td>Extrudovan\u00e9, Draw<\/td><td>V\u010detn\u011b: bezkysl\u00edkat\u00e9 m\u011bdi pro elektro-vakuov\u00fd pr\u016fmysl, sva\u0159ov\u00e1n\u00ed, slitiny st\u0159\u00edbra<\/td><\/tr><\/tbody><\/table><\/figure>\n\n\n\n<p class=\"has-black-color has-text-color\">Spole\u010dnost UMMC-NFMP vyr\u00e1b\u00ed a prod\u00e1v\u00e1 vysoce kvalitn\u00ed m\u011bd\u011bn\u00e9 pruty. V\u00fdrobky pou\u017e\u00edvan\u00e9 ve stavebnictv\u00ed, elektrotechnice a prvky uzav\u00edrac\u00edch ventil\u016f.Evropsk\u00e1 kvalita, rozumn\u00e1 cena, odolnost a elasticita.<\/p>\n\n\n\n<h2 class=\"wp-block-heading has-black-color has-text-color\">Sortiment m\u011bd\u011bn\u00fdch ty\u010d\u00ed<\/h2>\n\n\n\n<p class=\"has-black-color has-text-color\" style=\"font-size:16px\">UMMC-NFMP\u00a0vyr\u00e1b\u00ed m\u011bd\u011bn\u00e9 ty\u010de z bezkysl\u00edkat\u00e9 m\u011bdi (Cu-OF) pro elektro-vakuov\u00fd pr\u016fmysl, sva\u0159ovac\u00ed ty\u010de a ty\u010de ze slitin st\u0159\u00edbra. Vyr\u00e1b\u00ed se v souladu s mezin\u00e1rodn\u00edmi a rusk\u00fdmi standardy:<\/p>\n\n\n\n<p class=\"has-black-color has-text-color\" style=\"font-size:16px\"><strong>EN 12163, 13601<\/strong><\/p>\n\n\n\n<p class=\"has-black-color has-text-color\" style=\"font-size:16px\">HOST 10988-75, 1535-2006<\/p>\n\n\n\n<p class=\"has-black-color has-text-color\" style=\"font-size:16px\">podle va\u0161ich specifikac\u00ed<\/p>\n\n\n\n<p class=\"has-black-color has-text-color\" style=\"font-size:16px\">Pokud si koup\u00edte m\u011bd\u011bn\u00e9 ty\u010de v UMMC-NFMP, koup\u00edte m\u011bd\u011bn\u00e9 ty\u010de od v\u00fdrobce. Na\u0161e tov\u00e1rny vyr\u00e1b\u011bj\u00ed\u00a0sva\u0159ovac\u00ed ty\u010de, ty\u010de z m\u011bdi\u00a0se slitinou st\u0159\u00edbra\u00a0a bezkysl\u00edkatou m\u011b\u010f Cu-OF (pou\u017e\u00edv\u00e1 se pro elektrick\u00fd vakuov\u00fd pr\u016fmysl).<\/p>\n\n\n\n<p class=\"has-black-color has-text-color\" style=\"font-size:16px\">M\u011bd\u011bn\u00e9 ty\u010de se vyr\u00e1b\u011bj\u00ed z r\u016fzn\u00fdch druh\u016f slitin:\u00a0Cu-DHP, Cu-ETP, Cu-DLP, Cu-OF a dal\u0161\u00ed.<\/p>\n\n\n\n<p class=\"has-black-color has-text-color\" style=\"font-size:16px\">K v\u00fdrob\u011b m\u011bd\u011bn\u00fdch ty\u010d\u00ed se pou\u017e\u00edv\u00e1 vytla\u010dov\u00e1n\u00ed a ta\u017een\u00ed kovu.V\u00fdrobky vyroben\u00e9 metodou lisov\u00e1n\u00ed maj\u00ed pr\u016f\u0159ez od\u00a020\u00a0do\u00a0180\u00a0mm. Druh\u00e1 metoda (kresba) &#8211; 20-205 \u043c\u043c.Tvar sekce m\u016f\u017ee b\u00fdt kulat\u00fd, \u0161esti\u00faheln\u00edk a \u010dtverec. D\u00e9lka ty\u010d\u00ed nen\u00ed v\u011bt\u0161\u00ed ne\u017e p\u011bt metr\u016f (vyta\u017een\u00e9 a nakreslen\u00e9).<\/p>\n\n\n\n<h2 class=\"wp-block-heading has-black-color has-text-color\">Aplikace m\u011bd\u011bn\u00fdch ty\u010d\u00ed<\/h2>\n\n\n\n<p class=\"has-black-color has-text-color\" style=\"font-size:16px\">M\u011bd\u011bn\u00e9 ty\u010de se pou\u017e\u00edvaj\u00ed p\u0159i v\u00fdrob\u011b elektrotechniky a letectv\u00ed. M\u011bd\u011bn\u00e9 ty\u010de se \u010dasto pou\u017e\u00edvaj\u00ed k v\u00fdrob\u011b \u0161roub\u016f, podlo\u017eek a ventilov\u00fdch prvk\u016f, proto\u017ee maj\u00ed vysokou odolnost proti korozi.Pou\u017e\u00edvaj\u00ed se tak\u00e9 v kovopr\u016fmyslu a stroj\u00edrenstv\u00ed p\u0159i v\u00fdrob\u011b d\u00edl\u016f pro letadla a stavbu lod\u00ed.V\u00fdrobky vyroben\u00e9 z m\u011bd\u011bn\u00fdch ty\u010d\u00ed (nap\u0159. ozuben\u00e1 kola a uzamykac\u00ed mechanismy) se pou\u017e\u00edvaj\u00ed v z\u00e1sobov\u00e1n\u00ed plynem a vodou. M\u011bd\u011bn\u00e9 ty\u010de se pou\u017e\u00edvaj\u00ed v p\u0159\u00edstrojov\u00e9 technice a energetice kv\u016fli vynikaj\u00edc\u00ed vodivosti m\u011bdi. Vytvo\u0159te n\u011bkter\u00e9 prvky pouzdra a vodi\u010de v elektrotechnick\u00e9m pr\u016fmyslu.<\/p>\n\n\n\n<h2 class=\"wp-block-heading has-black-color has-text-color\">Obsahuje m\u011bd\u011bn\u00e9 ty\u010de<\/h2>\n\n\n\n<p class=\"has-black-color has-text-color\" style=\"font-size:16px\">Pevnost a chemick\u00e1 inertnost m\u011bd\u011bn\u00fdch v\u00fdrobk\u016f zaji\u0161\u0165uje odolnost p\u0159i pr\u00e1ci s agresivn\u00edmi m\u00e9dii, teplotou a tlakem.<\/p>\n\n\n\n<p class=\"has-black-color has-text-color\" style=\"font-size:16px\">M\u011bd\u011bn\u00e9 ty\u010de vyroben\u00e9 spole\u010dnost\u00ed UMMC-NFMP maj\u00ed n\u00e1sleduj\u00edc\u00ed vlastnosti:<\/p>\n\n\n\n<p class=\"has-black-color has-text-color\" style=\"font-size:16px\">Pr\u016fm\u011br: 3-205 mm<\/p>\n\n\n\n<p class=\"has-black-color has-text-color\" style=\"font-size:16px\">Pr\u016f\u0159ez: \u010dtvercov\u00fd, \u0161estihrann\u00fd, kulat\u00fd<\/p>\n\n\n\n<p class=\"has-black-color has-text-color\" style=\"font-size:16px\">Podm\u00ednky: extrudovan\u00fd nebo ta\u017een\u00fd<\/p>\n\n\n\n<p class=\"has-black-color has-text-color\" style=\"font-size:16px\">V\u00fdrobky jsou dod\u00e1v\u00e1ny ve svitc\u00edch a segmentech. Pro \u017e\u00e1dost m\u016f\u017eete vyplnit n\u00ed\u017ee uveden\u00fd formul\u00e1\u0159 nebo n\u00e1s kontaktovat jin\u00fdm pohodln\u00fdm zp\u016fsobem pro v\u00e1s.<\/p>\n\n\n\n<h2 class=\"wp-block-heading has-black-color has-text-color\">Dod\u00e1vka m\u011bd\u011bn\u00fdch ty\u010d\u00ed<\/h2>\n\n\n\n<p class=\"has-black-color has-text-color\" style=\"font-size:16px\">Pokud si koup\u00edte m\u011bd\u011bn\u00e9 ty\u010de od UMMC-NFMP, koup\u00edte produkty od v\u00fdrobce bez jak\u00fdchkoliv obchodn\u00edch spole\u010dnost\u00ed (p\u0159eprodej) kov\u016f.<\/p>\n\n\n\n<p class=\"has-black-color has-text-color\" style=\"font-size:16px\">Dod\u00e1vka m\u011bd\u011bn\u00fdch ty\u010d\u00ed od 500 kg.<\/p>\n","protected":false},"excerpt":{"rendered":"<p>N\u00e1zev produktu Norma Slitina Pr\u016fm\u011br, mm Sekce D\u00e9lka, m Stav dod\u00e1vky Anotace M\u011bd\u011bn\u00e9 ty\u010de EN 13601 EN 12163 GOST 1535-2006 GOST 10988-75 Cu-ETP, Cu-DHP, Cu-DLP, Cu-Of 3-205 V\u010detn\u011b sekce: \u010dtvercov\u00fd, kulat\u00fd a \u0161estihrann\u00fd C\u00edvky, Rovn\u00e1 d\u00e9lka Extrudovan\u00e9, Draw V\u010detn\u011b: bezkysl\u00edkat\u00e9 m\u011bdi pro elektro-vakuov\u00fd pr\u016fmysl, sva\u0159ov\u00e1n\u00ed, slitiny st\u0159\u00edbra Spole\u010dnost UMMC-NFMP vyr\u00e1b\u00ed&#8230;<\/p>\n","protected":false},"author":1,"featured_media":0,"parent":0,"menu_order":0,"comment_status":"closed","ping_status":"closed","template":"","meta":{"footnotes":""},"class_list":["post-172","page","type-page","status-publish","hentry"],"_links":{"self":[{"href":"https:\/\/www.twlservis.cz\/index.php?rest_route=\/wp\/v2\/pages\/172","targetHints":{"allow":["GET"]}}],"collection":[{"href":"https:\/\/www.twlservis.cz\/index.php?rest_route=\/wp\/v2\/pages"}],"about":[{"href":"https:\/\/www.twlservis.cz\/index.php?rest_route=\/wp\/v2\/types\/page"}],"author":[{"embeddable":true,"href":"https:\/\/www.twlservis.cz\/index.php?rest_route=\/wp\/v2\/users\/1"}],"replies":[{"embeddable":true,"href":"https:\/\/www.twlservis.cz\/index.php?rest_route=%2Fwp%2Fv2%2Fcomments&post=172"}],"version-history":[{"count":21,"href":"https:\/\/www.twlservis.cz\/index.php?rest_route=\/wp\/v2\/pages\/172\/revisions"}],"predecessor-version":[{"id":789,"href":"https:\/\/www.twlservis.cz\/index.php?rest_route=\/wp\/v2\/pages\/172\/revisions\/789"}],"wp:attachment":[{"href":"https:\/\/www.twlservis.cz\/index.php?rest_route=%2Fwp%2Fv2%2Fmedia&parent=172"}],"curies":[{"name":"wp","href":"https:\/\/api.w.org\/{rel}","templated":true}]}}