{"id":175,"date":"2019-09-06T17:00:15","date_gmt":"2019-09-06T15:00:15","guid":{"rendered":"http:\/\/www.twlservis.cz\/?page_id=175"},"modified":"2025-02-17T11:54:11","modified_gmt":"2025-02-17T10:54:11","slug":"copper-sheets-and-strips","status":"publish","type":"page","link":"https:\/\/www.twlservis.cz\/?page_id=175","title":{"rendered":"M\u011bd\u011bn\u00e9 plechy a p\u00e1sy"},"content":{"rendered":"\n<figure class=\"wp-block-table is-style-stripes\" style=\"font-size:16px\"><table class=\"has-black-color has-text-color\"><thead><tr><\/tr><tr><td><strong>N\u00e1zev produktu<\/strong><\/td><td> <strong>Norma<\/strong><\/td><td><strong>Slitina<\/strong><\/td><td><strong>Tlou\u0161\u0165ka, mm<\/strong><\/td><td><strong>\u0160\u00ed\u0159ka, mm<\/strong><\/td><td><strong>D\u00e9lka, mm<\/strong><\/td><td><strong>Stav dod\u00e1vky<\/strong><\/td><\/tr><\/thead><tbody><tr><td>M\u011bd\u011bn\u00e9 plechy a p\u00e1sy<\/td><td>EN 1652 GOST 1173-2006 <\/td><td>Cu-DHP, Cu-ETP <\/td><td>0.4-25 <\/td><td>60-1000 <\/td><td>500-3100<\/td><td>V\u00e1lcovan\u00e9 za studena, v\u00e1lcovan\u00e9 za tepla<\/td><\/tr><\/tbody><\/table><\/figure>\n","protected":false},"excerpt":{"rendered":"<p>N\u00e1zev produktu Norma Slitina Tlou\u0161\u0165ka, mm \u0160\u00ed\u0159ka, mm D\u00e9lka, mm Stav dod\u00e1vky M\u011bd\u011bn\u00e9 plechy a p\u00e1sy EN 1652 GOST 1173-2006 Cu-DHP, Cu-ETP 0.4-25 60-1000 500-3100 V\u00e1lcovan\u00e9 za studena, v\u00e1lcovan\u00e9 za tepla<\/p>\n","protected":false},"author":1,"featured_media":0,"parent":0,"menu_order":0,"comment_status":"closed","ping_status":"closed","template":"","meta":{"footnotes":""},"class_list":["post-175","page","type-page","status-publish","hentry"],"_links":{"self":[{"href":"https:\/\/www.twlservis.cz\/index.php?rest_route=\/wp\/v2\/pages\/175","targetHints":{"allow":["GET"]}}],"collection":[{"href":"https:\/\/www.twlservis.cz\/index.php?rest_route=\/wp\/v2\/pages"}],"about":[{"href":"https:\/\/www.twlservis.cz\/index.php?rest_route=\/wp\/v2\/types\/page"}],"author":[{"embeddable":true,"href":"https:\/\/www.twlservis.cz\/index.php?rest_route=\/wp\/v2\/users\/1"}],"replies":[{"embeddable":true,"href":"https:\/\/www.twlservis.cz\/index.php?rest_route=%2Fwp%2Fv2%2Fcomments&post=175"}],"version-history":[{"count":7,"href":"https:\/\/www.twlservis.cz\/index.php?rest_route=\/wp\/v2\/pages\/175\/revisions"}],"predecessor-version":[{"id":804,"href":"https:\/\/www.twlservis.cz\/index.php?rest_route=\/wp\/v2\/pages\/175\/revisions\/804"}],"wp:attachment":[{"href":"https:\/\/www.twlservis.cz\/index.php?rest_route=%2Fwp%2Fv2%2Fmedia&parent=175"}],"curies":[{"name":"wp","href":"https:\/\/api.w.org\/{rel}","templated":true}]}}