{"id":178,"date":"2019-09-06T17:00:50","date_gmt":"2019-09-06T15:00:50","guid":{"rendered":"http:\/\/www.twlservis.cz\/?page_id=178"},"modified":"2025-02-17T11:22:23","modified_gmt":"2025-02-17T10:22:23","slug":"copper-plates","status":"publish","type":"page","link":"https:\/\/www.twlservis.cz\/?page_id=178","title":{"rendered":"M\u011bd\u011bn\u00e9 desky"},"content":{"rendered":"\n<figure class=\"wp-block-table is-style-stripes\" style=\"font-size:16px\"><table class=\"has-black-color has-text-color\"><thead><tr><\/tr><tr><td><strong>N\u00e1zev produktu<\/strong><\/td><td><strong>Norma<\/strong><\/td><td><strong>Slitina<\/strong> <\/td><td><strong>Tlou\u0161\u0165ka, mm<\/strong><\/td><td><strong>\u0160\u00ed\u0159ka, mm<\/strong><\/td><td><strong>D\u00e9lka, mm<\/strong><\/td><td><strong>Stav dod\u00e1vky<\/strong><\/td><\/tr><\/thead><tbody><tr><td>M\u011bd\u011bn\u00e9 desky<\/td><td>EN 1652 GOST 1173-2006 <\/td><td>Cu-ETP, Cu-DHP <\/td><td>26-150 <\/td><td>150-1300 <\/td><td>600-3000<\/td><td>V\u00e1lcovan\u00e9 za tepla<\/td><\/tr><\/tbody><\/table><\/figure>\n\n\n\n<h2 class=\"wp-block-heading\"><\/h2>\n","protected":false},"excerpt":{"rendered":"<p>N\u00e1zev produktu Norma Slitina Tlou\u0161\u0165ka, mm \u0160\u00ed\u0159ka, mm D\u00e9lka, mm Stav dod\u00e1vky M\u011bd\u011bn\u00e9 desky EN 1652 GOST 1173-2006 Cu-ETP, Cu-DHP 26-150 150-1300 600-3000 V\u00e1lcovan\u00e9 za tepla<\/p>\n","protected":false},"author":1,"featured_media":0,"parent":0,"menu_order":0,"comment_status":"closed","ping_status":"closed","template":"","meta":{"footnotes":""},"class_list":["post-178","page","type-page","status-publish","hentry"],"_links":{"self":[{"href":"https:\/\/www.twlservis.cz\/index.php?rest_route=\/wp\/v2\/pages\/178","targetHints":{"allow":["GET"]}}],"collection":[{"href":"https:\/\/www.twlservis.cz\/index.php?rest_route=\/wp\/v2\/pages"}],"about":[{"href":"https:\/\/www.twlservis.cz\/index.php?rest_route=\/wp\/v2\/types\/page"}],"author":[{"embeddable":true,"href":"https:\/\/www.twlservis.cz\/index.php?rest_route=\/wp\/v2\/users\/1"}],"replies":[{"embeddable":true,"href":"https:\/\/www.twlservis.cz\/index.php?rest_route=%2Fwp%2Fv2%2Fcomments&post=178"}],"version-history":[{"count":4,"href":"https:\/\/www.twlservis.cz\/index.php?rest_route=\/wp\/v2\/pages\/178\/revisions"}],"predecessor-version":[{"id":764,"href":"https:\/\/www.twlservis.cz\/index.php?rest_route=\/wp\/v2\/pages\/178\/revisions\/764"}],"wp:attachment":[{"href":"https:\/\/www.twlservis.cz\/index.php?rest_route=%2Fwp%2Fv2%2Fmedia&parent=178"}],"curies":[{"name":"wp","href":"https:\/\/api.w.org\/{rel}","templated":true}]}}