{"id":193,"date":"2019-09-06T17:13:41","date_gmt":"2019-09-06T15:13:41","guid":{"rendered":"http:\/\/www.twlservis.cz\/?page_id=193"},"modified":"2025-02-17T10:23:29","modified_gmt":"2025-02-17T09:23:29","slug":"bronze","status":"publish","type":"page","link":"https:\/\/www.twlservis.cz\/?page_id=193","title":{"rendered":"Bronz"},"content":{"rendered":"\n<h1 class=\"wp-block-heading\">Ne\u017eelezn\u00fd kov<\/h1>\n\n\n\n<figure class=\"wp-block-table is-style-stripes\" style=\"font-size:16px\"><table class=\"has-black-color has-text-color\"><tbody><tr><td><br><\/td><td>M\u011b\u010f<\/td><td><a href=\"http:\/\/www.twlservis.cz\/?page_id=151\">Trubky<\/a><\/td><td> <a href=\"http:\/\/www.twlservis.cz\/?page_id=172\">Pruty<\/a> <\/td><td><a href=\"http:\/\/www.twlservis.cz\/?page_id=175\">Listy a p\u00e1sky<\/a><\/td><td><a href=\"http:\/\/www.twlservis.cz\/?page_id=178\">Tal\u00ed\u0159e<\/a><\/td><td><a href=\"http:\/\/www.twlservis.cz\/?page_id=166\">P\u00e1sky (prou\u017eky)<\/a> \u00a0<\/td><td><a href=\"http:\/\/www.twlservis.cz\/?page_id=282\">Dr\u00e1ty<\/a><\/td><td><a href=\"http:\/\/www.twlservis.cz\/?page_id=160\">P\u0159\u00edpojnice<\/a><\/td><td><a href=\"http:\/\/www.twlservis.cz\/?page_id=285\">Kruhy<\/a><\/td><\/tr><tr><td><br><\/td><td>Mosaz<\/td><td><a href=\"http:\/\/www.twlservis.cz\/?page_id=163\">Trubky<\/a><\/td><td> <a href=\"http:\/\/www.twlservis.cz\/?page_id=169\">Pruty<\/a> <\/td><td><a href=\"http:\/\/www.twlservis.cz\/?page_id=293\">Listy a p\u00e1sky<\/a><\/td><td><a href=\"http:\/\/www.twlservis.cz\/?page_id=297\">Plates<\/a><\/td><td><a href=\"http:\/\/www.twlservis.cz\/?page_id=301\">P\u00e1sky (prou\u017eky)<\/a><\/td><td>&nbsp;<\/td><td>&nbsp;<\/td><td>&nbsp;<\/td><\/tr><tr><td><br><\/td><td>Bronz<\/td><td>&nbsp;<\/td><td><a href=\"http:\/\/www.twlservis.cz\/?page_id=305\">Pruty<\/a><\/td><td>&nbsp;<\/td><td>&nbsp;<\/td><td>&nbsp;<\/td><td>&nbsp;<\/td><td>&nbsp;<\/td><td>&nbsp;<\/td><\/tr><tr><td><br><\/td><td>M\u011b\u010f-nikl a slitiny niklu<\/td><td><a href=\"http:\/\/www.twlservis.cz\/?page_id=309\">Trubky<\/a><\/td><td><a href=\"http:\/\/www.twlservis.cz\/?page_id=312\">Pruty<\/a><\/td><td>&nbsp;<\/td><td>&nbsp;<\/td><td>&nbsp;<\/td><td>&nbsp;<\/td><td>&nbsp;<\/td><td>&nbsp;<\/td><\/tr><tr><td><br><\/td><td>&nbsp;Gindre&nbsp;<\/td><td><a href=\"http:\/\/www.twlservis.cz\/?page_id=154\">Busbar<\/a><\/td><td><a href=\"http:\/\/www.twlservis.cz\/?page_id=154\">Pruty<\/a><\/td><td><a href=\"http:\/\/www.twlservis.cz\/?page_id=154\">Profily<\/a><\/td><td><a href=\"http:\/\/www.twlservis.cz\/?page_id=154\">Tape<\/a><\/td><td><a href=\"http:\/\/www.twlservis.cz\/?page_id=154\">Obd\u00e9ln\u00edkov\u00fd dr\u00e1t<\/a><\/td><td><a href=\"http:\/\/www.twlservis.cz\/?page_id=154\">Kulat\u00fd dr\u00e1t<\/a><\/td><td><a href=\"http:\/\/www.twlservis.cz\/?page_id=154\">Pru\u017en\u00e9 izolovan\u00e9 m\u011bd\u011bn\u00e9 ty\u010de Maxifliexr<\/a><\/td><td><a href=\"http:\/\/www.twlservis.cz\/?page_id=154\">Componenty<\/a><\/td><\/tr><\/tbody><\/table><\/figure>\n","protected":false},"excerpt":{"rendered":"<p>Ne\u017eelezn\u00fd kov M\u011b\u010f Trubky Pruty Listy a p\u00e1sky Tal\u00ed\u0159e P\u00e1sky (prou\u017eky) \u00a0 Dr\u00e1ty P\u0159\u00edpojnice Kruhy Mosaz Trubky Pruty Listy a p\u00e1sky Plates P\u00e1sky (prou\u017eky) &nbsp; &nbsp; &nbsp; Bronz &nbsp; Pruty &nbsp; &nbsp; &nbsp; &nbsp; &nbsp; &nbsp; M\u011b\u010f-nikl a slitiny niklu Trubky Pruty &nbsp; &nbsp; &nbsp; &nbsp; &nbsp; &nbsp; &nbsp;Gindre&nbsp; Busbar&#8230;<\/p>\n","protected":false},"author":1,"featured_media":0,"parent":0,"menu_order":0,"comment_status":"closed","ping_status":"closed","template":"","meta":{"footnotes":""},"class_list":["post-193","page","type-page","status-publish","hentry"],"_links":{"self":[{"href":"https:\/\/www.twlservis.cz\/index.php?rest_route=\/wp\/v2\/pages\/193","targetHints":{"allow":["GET"]}}],"collection":[{"href":"https:\/\/www.twlservis.cz\/index.php?rest_route=\/wp\/v2\/pages"}],"about":[{"href":"https:\/\/www.twlservis.cz\/index.php?rest_route=\/wp\/v2\/types\/page"}],"author":[{"embeddable":true,"href":"https:\/\/www.twlservis.cz\/index.php?rest_route=\/wp\/v2\/users\/1"}],"replies":[{"embeddable":true,"href":"https:\/\/www.twlservis.cz\/index.php?rest_route=%2Fwp%2Fv2%2Fcomments&post=193"}],"version-history":[{"count":11,"href":"https:\/\/www.twlservis.cz\/index.php?rest_route=\/wp\/v2\/pages\/193\/revisions"}],"predecessor-version":[{"id":722,"href":"https:\/\/www.twlservis.cz\/index.php?rest_route=\/wp\/v2\/pages\/193\/revisions\/722"}],"wp:attachment":[{"href":"https:\/\/www.twlservis.cz\/index.php?rest_route=%2Fwp%2Fv2%2Fmedia&parent=193"}],"curies":[{"name":"wp","href":"https:\/\/api.w.org\/{rel}","templated":true}]}}