{"id":196,"date":"2019-09-06T17:14:13","date_gmt":"2019-09-06T15:14:13","guid":{"rendered":"http:\/\/www.twlservis.cz\/?page_id=196"},"modified":"2025-02-17T13:17:13","modified_gmt":"2025-02-17T12:17:13","slug":"nickel-and-copper-nickel-alloy","status":"publish","type":"page","link":"https:\/\/www.twlservis.cz\/?page_id=196","title":{"rendered":"Nikl a slitina m\u011bdi a niklu"},"content":{"rendered":"\n<h1 class=\"wp-block-heading\">Ne\u017eelezn\u00fd kov<\/h1>\n\n\n\n<div class=\"wp-block-group\"><div class=\"wp-block-group__inner-container is-layout-constrained wp-block-group-is-layout-constrained\">\n<figure class=\"wp-block-table is-style-stripes\" style=\"font-size:16px\"><table class=\"has-black-color has-text-color\"><tbody><tr><td>\u00a0M\u011b\u010f<\/td><td><a href=\"http:\/\/www.twlservis.cz\/?page_id=151\">Trubky<\/a><\/td><td> <a href=\"http:\/\/www.twlservis.cz\/?page_id=172\">Ty\u010de<\/a><\/td><td><a href=\"http:\/\/www.twlservis.cz\/?page_id=175\">Plechy a p\u00e1sy<\/a><\/td><td><a href=\"http:\/\/www.twlservis.cz\/?page_id=178\">Desky<\/a><\/td><td><a href=\"http:\/\/www.twlservis.cz\/?page_id=166\">P\u00e1sky (prou\u017eky)<\/a><\/td><td><a href=\"http:\/\/www.twlservis.cz\/?page_id=282\">Dr\u00e1ty<\/a><\/td><td><a href=\"http:\/\/www.twlservis.cz\/?page_id=160\">Kruhy &#8211; p\u0159\u00edpojnice<\/a><\/td><td><a href=\"http:\/\/www.twlservis.cz\/?page_id=285\">Kruhy<\/a><\/td><\/tr><tr><td>Mosaz<\/td><td><a href=\"http:\/\/www.twlservis.cz\/?page_id=163\">Trubky<\/a><\/td><td> <a href=\"http:\/\/www.twlservis.cz\/?page_id=169\">Ty\u010de<\/a><\/td><td><a href=\"http:\/\/www.twlservis.cz\/?page_id=293\">Plechy a p\u00e1sy<\/a><\/td><td><a href=\"http:\/\/www.twlservis.cz\/?page_id=297\">Desky<\/a><\/td><td><a href=\"http:\/\/www.twlservis.cz\/?page_id=301\">P\u00e1sky (prou\u017eky)<\/a><\/td><td>&nbsp;<\/td><td>&nbsp;<\/td><td>&nbsp;<\/td><\/tr><tr><td>Bronz<\/td><td>&nbsp;<\/td><td><a href=\"http:\/\/www.twlservis.cz\/?page_id=305\">Ty\u010de<\/a><\/td><td>&nbsp;<\/td><td>&nbsp;<\/td><td>&nbsp;<\/td><td>&nbsp;<\/td><td>&nbsp;<\/td><td>&nbsp;<\/td><\/tr><tr><td>M\u011b\u010f-nikl a slitiny niklu<\/td><td><a href=\"http:\/\/www.twlservis.cz\/?page_id=309\">Trubky<\/a><\/td><td><a href=\"http:\/\/www.twlservis.cz\/?page_id=312\">Ty\u010de<\/a><\/td><td>&nbsp;<\/td><td>&nbsp;<\/td><td>&nbsp;<\/td><td>&nbsp;<\/td><td>&nbsp;<\/td><td>&nbsp;<\/td><\/tr><tr><td>&nbsp;Gindre&nbsp;<\/td><td><a href=\"http:\/\/www.twlservis.cz\/?page_id=154\">P\u0159\u00edpojnice<\/a><\/td><td> <a href=\"http:\/\/www.twlservis.cz\/?page_id=154\">Ty\u010de<\/a><\/td><td><a href=\"http:\/\/www.twlservis.cz\/?page_id=154\">Profily<\/a><\/td><td><a href=\"http:\/\/www.twlservis.cz\/?page_id=154\">P\u00e1sky<\/a><\/td><td><a href=\"http:\/\/www.twlservis.cz\/?page_id=154\">Obd\u00e9ln\u00edkov\u00fd dr\u00e1t<\/a><\/td><td><a href=\"http:\/\/www.twlservis.cz\/?page_id=154\">Kulat\u00fd dr\u00e1t<\/a><\/td><td><a href=\"http:\/\/www.twlservis.cz\/?page_id=154\">Pru\u017en\u00e9 izolovan\u00e9 m\u011bd\u011bn\u00e9 ty\u010de Maxiflexr<\/a><\/td><td><a href=\"http:\/\/www.twlservis.cz\/?page_id=154\">Componenty<\/a><\/td><\/tr><\/tbody><\/table><\/figure>\n<\/div><\/div>\n","protected":false},"excerpt":{"rendered":"<p>Ne\u017eelezn\u00fd kov \u00a0M\u011b\u010f Trubky Ty\u010de Plechy a p\u00e1sy Desky P\u00e1sky (prou\u017eky) Dr\u00e1ty Kruhy &#8211; p\u0159\u00edpojnice Kruhy Mosaz Trubky Ty\u010de Plechy a p\u00e1sy Desky P\u00e1sky (prou\u017eky) &nbsp; &nbsp; &nbsp; Bronz &nbsp; Ty\u010de &nbsp; &nbsp; &nbsp; &nbsp; &nbsp; &nbsp; M\u011b\u010f-nikl a slitiny niklu Trubky Ty\u010de &nbsp; &nbsp; &nbsp; &nbsp; &nbsp; &nbsp; &nbsp;Gindre&nbsp;&#8230;<\/p>\n","protected":false},"author":1,"featured_media":0,"parent":0,"menu_order":0,"comment_status":"closed","ping_status":"closed","template":"","meta":{"footnotes":""},"class_list":["post-196","page","type-page","status-publish","hentry"],"_links":{"self":[{"href":"https:\/\/www.twlservis.cz\/index.php?rest_route=\/wp\/v2\/pages\/196","targetHints":{"allow":["GET"]}}],"collection":[{"href":"https:\/\/www.twlservis.cz\/index.php?rest_route=\/wp\/v2\/pages"}],"about":[{"href":"https:\/\/www.twlservis.cz\/index.php?rest_route=\/wp\/v2\/types\/page"}],"author":[{"embeddable":true,"href":"https:\/\/www.twlservis.cz\/index.php?rest_route=\/wp\/v2\/users\/1"}],"replies":[{"embeddable":true,"href":"https:\/\/www.twlservis.cz\/index.php?rest_route=%2Fwp%2Fv2%2Fcomments&post=196"}],"version-history":[{"count":14,"href":"https:\/\/www.twlservis.cz\/index.php?rest_route=\/wp\/v2\/pages\/196\/revisions"}],"predecessor-version":[{"id":937,"href":"https:\/\/www.twlservis.cz\/index.php?rest_route=\/wp\/v2\/pages\/196\/revisions\/937"}],"wp:attachment":[{"href":"https:\/\/www.twlservis.cz\/index.php?rest_route=%2Fwp%2Fv2%2Fmedia&parent=196"}],"curies":[{"name":"wp","href":"https:\/\/api.w.org\/{rel}","templated":true}]}}