{"id":219,"date":"2019-09-06T17:31:54","date_gmt":"2019-09-06T15:31:54","guid":{"rendered":"http:\/\/www.twlservis.cz\/?page_id=219"},"modified":"2025-02-17T12:57:07","modified_gmt":"2025-02-17T11:57:07","slug":"cable-sleeve","status":"publish","type":"page","link":"https:\/\/www.twlservis.cz\/?page_id=219","title":{"rendered":"Kabelov\u00e1 obj\u00edmka"},"content":{"rendered":"\n<p class=\"has-black-color has-text-color\" style=\"font-size:16px\">M\u011bd\u011bn\u00e1 kabelov\u00e1 obj\u00edmka \/ poc\u00ednovan\u00e1 m\u011b\u010f&nbsp;podle GOST 23469.9 pro spojov\u00e1n\u00ed vodi\u010d\u016f a kabel\u016f s m\u011bd\u011bn\u00fdmi pr\u016f\u0159ezy vodi\u010d\u016f od 2,5 do 300 mm2 pro nap\u011bt\u00ed do 35 kV. Jsou vyrobeny z m\u011bd\u011bn\u00fdch trubek zna\u010dky M2 GOST 617-72 nebo jin\u00fdch zna\u010dek podobn\u00e9 jakosti M2.<\/p>\n\n\n\n<p class=\"has-black-color has-text-color\" style=\"font-size:16px\">Hlin\u00edkov\u00e1 kabelov\u00e1 obj\u00edmka&nbsp;GOST 23469.0 pro spojov\u00e1n\u00ed vodi\u010d\u016f a kabel\u016f s hlin\u00edkov\u00fdmi vodi\u010di od 16 do 240 mm2.<\/p>\n","protected":false},"excerpt":{"rendered":"<p>M\u011bd\u011bn\u00e1 kabelov\u00e1 obj\u00edmka \/ poc\u00ednovan\u00e1 m\u011b\u010f&nbsp;podle GOST 23469.9 pro spojov\u00e1n\u00ed vodi\u010d\u016f a kabel\u016f s m\u011bd\u011bn\u00fdmi pr\u016f\u0159ezy vodi\u010d\u016f od 2,5 do 300 mm2 pro nap\u011bt\u00ed do 35 kV. Jsou vyrobeny z m\u011bd\u011bn\u00fdch trubek zna\u010dky M2 GOST 617-72 nebo jin\u00fdch zna\u010dek podobn\u00e9 jakosti M2. Hlin\u00edkov\u00e1 kabelov\u00e1 obj\u00edmka&nbsp;GOST 23469.0 pro spojov\u00e1n\u00ed vodi\u010d\u016f a&#8230;<\/p>\n","protected":false},"author":1,"featured_media":0,"parent":154,"menu_order":0,"comment_status":"closed","ping_status":"closed","template":"","meta":{"footnotes":""},"class_list":["post-219","page","type-page","status-publish","hentry"],"_links":{"self":[{"href":"https:\/\/www.twlservis.cz\/index.php?rest_route=\/wp\/v2\/pages\/219","targetHints":{"allow":["GET"]}}],"collection":[{"href":"https:\/\/www.twlservis.cz\/index.php?rest_route=\/wp\/v2\/pages"}],"about":[{"href":"https:\/\/www.twlservis.cz\/index.php?rest_route=\/wp\/v2\/types\/page"}],"author":[{"embeddable":true,"href":"https:\/\/www.twlservis.cz\/index.php?rest_route=\/wp\/v2\/users\/1"}],"replies":[{"embeddable":true,"href":"https:\/\/www.twlservis.cz\/index.php?rest_route=%2Fwp%2Fv2%2Fcomments&post=219"}],"version-history":[{"count":4,"href":"https:\/\/www.twlservis.cz\/index.php?rest_route=\/wp\/v2\/pages\/219\/revisions"}],"predecessor-version":[{"id":917,"href":"https:\/\/www.twlservis.cz\/index.php?rest_route=\/wp\/v2\/pages\/219\/revisions\/917"}],"up":[{"embeddable":true,"href":"https:\/\/www.twlservis.cz\/index.php?rest_route=\/wp\/v2\/pages\/154"}],"wp:attachment":[{"href":"https:\/\/www.twlservis.cz\/index.php?rest_route=%2Fwp%2Fv2%2Fmedia&parent=219"}],"curies":[{"name":"wp","href":"https:\/\/api.w.org\/{rel}","templated":true}]}}