{"id":285,"date":"2019-09-06T18:45:41","date_gmt":"2019-09-06T16:45:41","guid":{"rendered":"http:\/\/www.twlservis.cz\/?page_id=285"},"modified":"2025-02-17T15:34:13","modified_gmt":"2025-02-17T14:34:13","slug":"copper-circles","status":"publish","type":"page","link":"https:\/\/www.twlservis.cz\/?page_id=285","title":{"rendered":"M\u011bd\u011bn\u00e9 kruhy"},"content":{"rendered":"\n<p><\/p>\n\n\n\n<figure class=\"wp-block-table\" style=\"font-size:16px\"><table class=\"has-black-color has-text-color\"><thead><tr><td><strong>N\u00e1zev produktu<\/strong><\/td><td><strong>Norma<\/strong><\/td><td><strong>Slitina<\/strong><\/td><td><strong>Tlou\u0161\u0165ka, mm<\/strong><\/td><td><strong>\u0160\u00ed\u0159ka, mm<\/strong><\/td><\/tr><\/thead><tbody><tr><td>M\u011bd\u011bn\u00e9 kruhy<\/td><td>EN 1653<\/td><td>Cu-DHP<\/td><td>325-508 <\/td><td>0.54-1.9<\/td><\/tr><\/tbody><\/table><\/figure>\n\n\n\n<ul class=\"wp-block-list\"><\/ul>\n","protected":false},"excerpt":{"rendered":"<p>N\u00e1zev produktu Norma Slitina Tlou\u0161\u0165ka, mm \u0160\u00ed\u0159ka, mm M\u011bd\u011bn\u00e9 kruhy EN 1653 Cu-DHP 325-508 0.54-1.9<\/p>\n","protected":false},"author":1,"featured_media":0,"parent":0,"menu_order":0,"comment_status":"closed","ping_status":"closed","template":"","meta":{"footnotes":""},"class_list":["post-285","page","type-page","status-publish","hentry"],"_links":{"self":[{"href":"https:\/\/www.twlservis.cz\/index.php?rest_route=\/wp\/v2\/pages\/285","targetHints":{"allow":["GET"]}}],"collection":[{"href":"https:\/\/www.twlservis.cz\/index.php?rest_route=\/wp\/v2\/pages"}],"about":[{"href":"https:\/\/www.twlservis.cz\/index.php?rest_route=\/wp\/v2\/types\/page"}],"author":[{"embeddable":true,"href":"https:\/\/www.twlservis.cz\/index.php?rest_route=\/wp\/v2\/users\/1"}],"replies":[{"embeddable":true,"href":"https:\/\/www.twlservis.cz\/index.php?rest_route=%2Fwp%2Fv2%2Fcomments&post=285"}],"version-history":[{"count":7,"href":"https:\/\/www.twlservis.cz\/index.php?rest_route=\/wp\/v2\/pages\/285\/revisions"}],"predecessor-version":[{"id":1014,"href":"https:\/\/www.twlservis.cz\/index.php?rest_route=\/wp\/v2\/pages\/285\/revisions\/1014"}],"wp:attachment":[{"href":"https:\/\/www.twlservis.cz\/index.php?rest_route=%2Fwp%2Fv2%2Fmedia&parent=285"}],"curies":[{"name":"wp","href":"https:\/\/api.w.org\/{rel}","templated":true}]}}