{"id":297,"date":"2019-09-06T18:54:13","date_gmt":"2019-09-06T16:54:13","guid":{"rendered":"http:\/\/www.twlservis.cz\/?page_id=297"},"modified":"2025-02-16T12:24:16","modified_gmt":"2025-02-16T11:24:16","slug":"brass-plates","status":"publish","type":"page","link":"https:\/\/www.twlservis.cz\/?page_id=297","title":{"rendered":"Mosazn\u00e9 desky"},"content":{"rendered":"\n<figure class=\"wp-block-table is-style-stripes\" style=\"font-size:16px\"><table class=\"has-black-color has-text-color\"><thead><tr><td>N\u00e1zev produktu <\/td><td> Norma <\/td><td> Slitina<\/td><td> Tlou\u0161\u0165ka, mm <\/td><td> \u0160\u00ed\u0159ka, mm <\/td><td> D\u00e9lka, mm <\/td><td> Podm\u00edn\u011bn\u00e9 dod\u00e1vky <\/td><\/tr><\/thead><tbody><tr><td> Mosazn\u00e9 desky <\/td><td>\n\t\t\tEN 1652\n\t\t\t<\/td><td>\n\t\t\t\u0421uZn37\n\t\t\t<\/td><td>\n\t\t\t26-150\n\t\t\t<\/td><td>\n\t\t\t150-1200\n\t\t\t<\/td><td>600-2500<\/td><td> H\u00e1lcovan\u00e9 za tepla<\/td><\/tr><\/tbody><\/table><\/figure>\n","protected":false},"excerpt":{"rendered":"<p>N\u00e1zev produktu Norma Slitina Tlou\u0161\u0165ka, mm \u0160\u00ed\u0159ka, mm D\u00e9lka, mm Podm\u00edn\u011bn\u00e9 dod\u00e1vky Mosazn\u00e9 desky EN 1652 \u0421uZn37 26-150 150-1200 600-2500 H\u00e1lcovan\u00e9 za tepla<\/p>\n","protected":false},"author":1,"featured_media":0,"parent":0,"menu_order":0,"comment_status":"closed","ping_status":"closed","template":"","meta":{"footnotes":""},"class_list":["post-297","page","type-page","status-publish","hentry"],"_links":{"self":[{"href":"https:\/\/www.twlservis.cz\/index.php?rest_route=\/wp\/v2\/pages\/297","targetHints":{"allow":["GET"]}}],"collection":[{"href":"https:\/\/www.twlservis.cz\/index.php?rest_route=\/wp\/v2\/pages"}],"about":[{"href":"https:\/\/www.twlservis.cz\/index.php?rest_route=\/wp\/v2\/types\/page"}],"author":[{"embeddable":true,"href":"https:\/\/www.twlservis.cz\/index.php?rest_route=\/wp\/v2\/users\/1"}],"replies":[{"embeddable":true,"href":"https:\/\/www.twlservis.cz\/index.php?rest_route=%2Fwp%2Fv2%2Fcomments&post=297"}],"version-history":[{"count":4,"href":"https:\/\/www.twlservis.cz\/index.php?rest_route=\/wp\/v2\/pages\/297\/revisions"}],"predecessor-version":[{"id":637,"href":"https:\/\/www.twlservis.cz\/index.php?rest_route=\/wp\/v2\/pages\/297\/revisions\/637"}],"wp:attachment":[{"href":"https:\/\/www.twlservis.cz\/index.php?rest_route=%2Fwp%2Fv2%2Fmedia&parent=297"}],"curies":[{"name":"wp","href":"https:\/\/api.w.org\/{rel}","templated":true}]}}