{"id":301,"date":"2019-09-06T18:55:38","date_gmt":"2019-09-06T16:55:38","guid":{"rendered":"http:\/\/www.twlservis.cz\/?page_id=301"},"modified":"2025-02-17T10:00:44","modified_gmt":"2025-02-17T09:00:44","slug":"brass-tapes","status":"publish","type":"page","link":"https:\/\/www.twlservis.cz\/?page_id=301","title":{"rendered":"Mosazn\u00e9 p\u00e1sky"},"content":{"rendered":"\n<figure class=\"wp-block-table is-style-stripes\" style=\"font-size:16px\"><table class=\"has-black-color has-text-color\"><thead><tr><td>N\u00e1zev produktu <\/td><td> Norma <\/td><td> Slitina<\/td><td>Tlou\u0161\u0165ka, mm<\/td><td>\u0160\u00ed\u0159ka, mm<\/td><td>Stav dod\u00e1vky<\/td><\/tr><\/thead><tbody><tr><td>Mosazn\u00e9 p\u00e1sky <\/td><td>EN 1652 EN 1172 GOST 1018-77 GOST 2205-71 GOST 2208-2007 GOST 5169-77 GOST 8036-79 GOST 20707-80 GOST \u0420 53499-2009 <\/td><td>\u0421uZn30, CuZn33, CuZn37 <\/td><td>0.07-4.0 <\/td><td>12-670 <\/td><td>V\u00e1lcovan\u00e9 za studena <\/td><\/tr><\/tbody><\/table><\/figure>\n","protected":false},"excerpt":{"rendered":"<p>N\u00e1zev produktu Norma Slitina Tlou\u0161\u0165ka, mm \u0160\u00ed\u0159ka, mm Stav dod\u00e1vky Mosazn\u00e9 p\u00e1sky EN 1652 EN 1172 GOST 1018-77 GOST 2205-71 GOST 2208-2007 GOST 5169-77 GOST 8036-79 GOST 20707-80 GOST \u0420 53499-2009 \u0421uZn30, CuZn33, CuZn37 0.07-4.0 12-670 V\u00e1lcovan\u00e9 za studena<\/p>\n","protected":false},"author":1,"featured_media":0,"parent":0,"menu_order":0,"comment_status":"closed","ping_status":"closed","template":"","meta":{"footnotes":""},"class_list":["post-301","page","type-page","status-publish","hentry"],"_links":{"self":[{"href":"https:\/\/www.twlservis.cz\/index.php?rest_route=\/wp\/v2\/pages\/301","targetHints":{"allow":["GET"]}}],"collection":[{"href":"https:\/\/www.twlservis.cz\/index.php?rest_route=\/wp\/v2\/pages"}],"about":[{"href":"https:\/\/www.twlservis.cz\/index.php?rest_route=\/wp\/v2\/types\/page"}],"author":[{"embeddable":true,"href":"https:\/\/www.twlservis.cz\/index.php?rest_route=\/wp\/v2\/users\/1"}],"replies":[{"embeddable":true,"href":"https:\/\/www.twlservis.cz\/index.php?rest_route=%2Fwp%2Fv2%2Fcomments&post=301"}],"version-history":[{"count":4,"href":"https:\/\/www.twlservis.cz\/index.php?rest_route=\/wp\/v2\/pages\/301\/revisions"}],"predecessor-version":[{"id":697,"href":"https:\/\/www.twlservis.cz\/index.php?rest_route=\/wp\/v2\/pages\/301\/revisions\/697"}],"wp:attachment":[{"href":"https:\/\/www.twlservis.cz\/index.php?rest_route=%2Fwp%2Fv2%2Fmedia&parent=301"}],"curies":[{"name":"wp","href":"https:\/\/api.w.org\/{rel}","templated":true}]}}