{"id":305,"date":"2019-09-06T18:57:48","date_gmt":"2019-09-06T16:57:48","guid":{"rendered":"http:\/\/www.twlservis.cz\/?page_id=305"},"modified":"2025-02-17T10:36:12","modified_gmt":"2025-02-17T09:36:12","slug":"bronze-rod","status":"publish","type":"page","link":"https:\/\/www.twlservis.cz\/?page_id=305","title":{"rendered":"Bronzov\u00e9 ty\u010de"},"content":{"rendered":"\n<figure class=\"wp-block-table is-style-stripes\" style=\"font-size:16px\"><table class=\"has-black-color has-text-color\"><thead><tr><td><strong>N\u00e1zev produktu<\/strong><\/td><td><strong>Norma<\/strong><\/td><td><strong>Slitina<\/strong><\/td><td><strong>Pr\u016fm\u011br, mm<\/strong><\/td><td><strong>Tlou\u0161\u0165ka st\u011bny<\/strong><\/td><td><strong>D\u00e9lka, m<\/strong><\/td><td> <strong>Sekce<\/strong><\/td><td><strong> Anotace<\/strong><\/td><\/tr><\/thead><tbody><tr><td>Bronzov\u00e9 ty\u010de<\/td><td>EN 12163 EN 12165 GOST 1628-78 GOST 10025-78 GOST 16130-90 <\/td><td>CuAl9Fe2 CuNi10Fe1Mn CuAl10Ni5Fe4 CuAl10Fe3Mn4 CuAl9Mn2 CuSn6\u00a0 CuSn8 <\/td><td>\n\t\t\t6-220\n\t\t\t<\/td><td>\u010c\u00e1st obsahuj\u00edc\u00ed: kulat\u00e9 a \u0161estihrann\u00e9<\/td><td> Rovn\u00e1 d\u00e9lka <\/td><td> Extrudovan\u00e9, Draw <\/td><td>V\u010detn\u011b sva\u0159ov\u00e1n\u00ed z c\u00edn-fosforov\u00e9ho bronzu<\/td><\/tr><\/tbody><\/table><\/figure>\n\n\n\n<p class=\"has-black-color has-text-color\" style=\"font-size:16px\">Bronzov\u00e9 ty\u010de \u2013 ty\u010dinky vyroben\u00e9 z ne\u017eelezn\u00e9ho kovu vyroben\u00e9ho vytla\u010dov\u00e1n\u00edm nebo ta\u017een\u00edm bronzov\u00fdch slitin. V\u00fdrobky maj\u00ed kruhov\u00fd nebo \u0161esti\u00faheln\u00edkov\u00fd pr\u016f\u0159ez. Bronzov\u00e9 ty\u010de si m\u016f\u017eete objednat za ceny od v\u00fdrobce na na\u0161em webu.<\/p>\n\n\n\n<h2 class=\"wp-block-heading has-medium-font-size\">Varianty bronzov\u00fdch ty\u010d\u00ed<\/h2>\n\n\n\n<p class=\"has-black-color has-text-color\" style=\"font-size:16px\">Ty\u010de vyroben\u00e9 z r\u016fzn\u00fdch slitin bronzu v z\u00e1vislosti na pou\u017eit\u00ed a specifikaci produktu.<\/p>\n\n\n\n<p class=\"has-black-color has-text-color\" style=\"font-size:16px\"><strong>CuAl9Mn2.<\/strong>\u00a0Hlin\u00edkov\u00fd bronz bez c\u00ednu, navr\u017een\u00fd tak, aby zvl\u00e1dal tlak. Pou\u017e\u00edv\u00e1 se k v\u00fdrob\u011b d\u00edl\u016f odoln\u00fdch proti opot\u0159eben\u00ed, \u0161roub\u016f, h\u0159\u00eddel\u00ed, p\u00e1s\u016f, p\u00e1sk\u016f a ty\u010d\u00ed<\/p>\n\n\n\n<p class=\"has-black-color has-text-color\" style=\"font-size:16px\"><strong>CuA19Fe3.\u00a0<\/strong>Bezc\u00ednov\u00fd bronz m\u00e1 vysok\u00e9 mechanick\u00e9 vlastnosti, dobr\u00e9 kluzn\u00e9 vlastnosti a odolnost proti korozi<\/p>\n\n\n\n<p class=\"has-black-color has-text-color\" style=\"font-size:16px\"><strong>CuSi3Mn1.<\/strong> \u00a0\u017d\u00e1ruvzdorn\u00fd silikonov\u00fd bronz, m\u00e1 vysokou odolnost v\u016f\u010di tlaku a korozi<\/p>\n\n\n\n<p class=\"has-black-color has-text-color\" style=\"font-size:16px\"><strong>CuSn6,\u00a0CuSn8<\/strong><\/p>\n\n\n\n<p class=\"has-black-color has-text-color\" style=\"font-size:16px\">podle va\u0161ich specifikac\u00ed<\/p>\n\n\n\n<p class=\"has-black-color has-text-color\" style=\"font-size:16px\">C\u00ednovo-fosforov\u00e1 bronzov\u00e1 ty\u010d a bronzov\u00e1 ty\u010d pro sva\u0159ov\u00e1n\u00ed slitiny je k dispozici ke koupi v UMMC-NFMP<\/p>\n\n\n\n<h2 class=\"wp-block-heading has-black-color has-text-color has-medium-font-size\"><strong>Dod\u00e1vky bronzov\u00fdch ty\u010d\u00ed<\/strong><\/h2>\n\n\n\n<p class=\"has-black-color has-text-color\" style=\"font-size:16px\">Pokud si koup\u00edte bronzov\u00e9 ty\u010de od UMMC-NFMP, koup\u00edte produkty od v\u00fdrobce bez jak\u00fdchkoliv obchodn\u00edch spole\u010dnost\u00ed (p\u0159eprodej) kov\u016f. <\/p>\n\n\n\n<p class=\"has-black-color has-text-color\" style=\"font-size:16px\">Dod\u00e1vka bronzov\u00fdch ty\u010d\u00ed od 500 kg.<\/p>\n","protected":false},"excerpt":{"rendered":"<p>N\u00e1zev produktu Norma Slitina Pr\u016fm\u011br, mm Tlou\u0161\u0165ka st\u011bny D\u00e9lka, m Sekce Anotace Bronzov\u00e9 ty\u010de EN 12163 EN 12165 GOST 1628-78 GOST 10025-78 GOST 16130-90 CuAl9Fe2 CuNi10Fe1Mn CuAl10Ni5Fe4 CuAl10Fe3Mn4 CuAl9Mn2 CuSn6\u00a0 CuSn8 6-220 \u010c\u00e1st obsahuj\u00edc\u00ed: kulat\u00e9 a \u0161estihrann\u00e9 Rovn\u00e1 d\u00e9lka Extrudovan\u00e9, Draw V\u010detn\u011b sva\u0159ov\u00e1n\u00ed z c\u00edn-fosforov\u00e9ho bronzu Bronzov\u00e9 ty\u010de \u2013 ty\u010dinky&#8230;<\/p>\n","protected":false},"author":1,"featured_media":0,"parent":0,"menu_order":0,"comment_status":"closed","ping_status":"closed","template":"","meta":{"footnotes":""},"class_list":["post-305","page","type-page","status-publish","hentry"],"_links":{"self":[{"href":"https:\/\/www.twlservis.cz\/index.php?rest_route=\/wp\/v2\/pages\/305","targetHints":{"allow":["GET"]}}],"collection":[{"href":"https:\/\/www.twlservis.cz\/index.php?rest_route=\/wp\/v2\/pages"}],"about":[{"href":"https:\/\/www.twlservis.cz\/index.php?rest_route=\/wp\/v2\/types\/page"}],"author":[{"embeddable":true,"href":"https:\/\/www.twlservis.cz\/index.php?rest_route=\/wp\/v2\/users\/1"}],"replies":[{"embeddable":true,"href":"https:\/\/www.twlservis.cz\/index.php?rest_route=%2Fwp%2Fv2%2Fcomments&post=305"}],"version-history":[{"count":13,"href":"https:\/\/www.twlservis.cz\/index.php?rest_route=\/wp\/v2\/pages\/305\/revisions"}],"predecessor-version":[{"id":741,"href":"https:\/\/www.twlservis.cz\/index.php?rest_route=\/wp\/v2\/pages\/305\/revisions\/741"}],"wp:attachment":[{"href":"https:\/\/www.twlservis.cz\/index.php?rest_route=%2Fwp%2Fv2%2Fmedia&parent=305"}],"curies":[{"name":"wp","href":"https:\/\/api.w.org\/{rel}","templated":true}]}}