{"id":309,"date":"2019-09-06T18:59:59","date_gmt":"2019-09-06T16:59:59","guid":{"rendered":"http:\/\/www.twlservis.cz\/?page_id=309"},"modified":"2025-02-17T12:41:52","modified_gmt":"2025-02-17T11:41:52","slug":"copper-nickel-tubes","status":"publish","type":"page","link":"https:\/\/www.twlservis.cz\/?page_id=309","title":{"rendered":"M\u011bd\u011bnoniklov\u00e9 trubky"},"content":{"rendered":"\n<figure class=\"wp-block-table is-style-stripes\" style=\"font-size:16px\"><table class=\"has-black-color has-text-color\"><tbody><tr><td><strong>N\u00e1zev produktu<\/strong><\/td><td><strong>Norma<\/strong><\/td><td><strong>Slitina<\/strong><\/td><td><strong>Vn\u011bj\u0161\u00ed pr\u016fm\u011br, mm<\/strong><\/td><td><strong>Tlou\u0161\u0165ka st\u011bny, mm<\/strong><\/td><td><strong>D\u00e9lka, m<\/strong><\/td><td><strong>Podm\u00edn\u011bn\u00e9 dod\u00e1vky <\/strong><\/td><td><strong>Anotace<\/strong><\/td><\/tr><tr><td>M\u011bd\u011bnoniklov\u00e9 trubky pro v\u00fdm\u011bn\u00edky tepla<\/td><td>EN 12451 EN 12449 ASTM B111 ASTM B466 GOST 10092-2006 GOST V\u00a017646-78 <\/td><td>C70600, C70620 (CuNi 90\/10) C71500, C71520, C71640 (CuNi 70\/30) CuNi10Fe1Mn CuNi30Fe1Mn CuNi5Fe1 CuNi5 CuNi10 <\/td><td>6.0-50.0 <\/td><td>0.8-8.25 <\/td><td>1.0-12.0 <\/td><td>Draw <\/td><td>Odolnost proti korozi<\/td><\/tr><tr><td>M\u011bd\u011bnoniklov\u00e9 trubky pro stavbu lod\u00ed a n\u00e1mo\u0159n\u00ed pr\u016fmysl<\/td><td>GOST 17217-79 <\/td><td>CuNi11Fe1Mn CuNi5Fe1 <\/td><td>6-260 <\/td><td>1.5-10 <\/td><td> Rovn\u00e1 d\u00e9lka<\/td><td>\n\t\t\tDraw\n\t\t\t<\/td><td>Vysok\u00e1 korozn\u00ed odolnost v\u016f\u010di slan\u00e9 vod\u011b<\/td><\/tr><\/tbody><\/table><\/figure>\n\n\n\n<p class=\"has-black-color has-text-color\" style=\"font-size:16px\">M\u011bd\u011bnoniklov\u00e9 trubi\u010dky \u2013 druh kulat\u00e9ho kovov\u00e9ho v\u00e1le\u010dku\u00a0vyroben\u00e9ho z\u00a0niklov\u00e9ho st\u0159\u00edbra a\u00a0slitin niklov\u00e9ho st\u0159\u00edbra. Vyzna\u010duje se vysokou pevnost\u00ed a odolnost\u00ed proti korozi.<\/p>\n\n\n\n<h2 class=\"wp-block-heading has-black-color has-text-color\">Aplikace<\/h2>\n\n\n\n<p class=\"has-black-color has-text-color\" style=\"font-size:16px\">Pro dopravu vzduchu, kapalin a plyn\u016f se pou\u017e\u00edvaj\u00ed p\u0159edev\u0161\u00edm m\u011bd\u011bnoniklov\u00e9 trubky. Jejich oblast pou\u017eit\u00ed je r\u016fznorod\u00e1, produkty se pou\u017e\u00edvaj\u00ed v syst\u00e9mech pro r\u016fzn\u00e9 \u00fa\u010dely:<\/p>\n\n\n\n<p class=\"has-black-color has-text-color\" style=\"font-size:16px\">chladic\u00ed voda<\/p>\n\n\n\n<p class=\"has-black-color has-text-color\" style=\"font-size:16px\">po\u017e\u00e1rn\u00ed linie<\/p>\n\n\n\n<p class=\"has-black-color has-text-color\" style=\"font-size:16px\">hydraulick\u00e9 syst\u00e9my<\/p>\n\n\n\n<p class=\"has-black-color has-text-color\" style=\"font-size:16px\">syst\u00e9m v\u00fdm\u011bny tepla<\/p>\n\n\n\n<p class=\"has-black-color has-text-color\" style=\"font-size:16px\">vodovodn\u00ed potrub\u00ed<\/p>\n\n\n\n<p class=\"has-black-color has-text-color\" style=\"font-size:16px\">v\u00fdparn\u00edky<\/p>\n\n\n\n<p class=\"has-black-color has-text-color\" style=\"font-size:16px\">parn\u00ed veden\u00ed<\/p>\n\n\n\n<p class=\"has-black-color has-text-color\" style=\"font-size:16px\">M\u016f\u017eete si koupit m\u011bd\u011bnoniklov\u00e9 trubky pro v\u00fdm\u011bn\u00edky tepla pro stavbu lod\u00ed a n\u00e1mo\u0159n\u00ed pr\u016fmysl.Sta\u010d\u00ed vyplnit n\u00ed\u017ee uveden\u00fd objedn\u00e1vkov\u00fd formul\u00e1\u0159.<\/p>\n\n\n\n<h2 class=\"wp-block-heading has-black-color has-text-color\">Typy potrub\u00ed<\/h2>\n\n\n\n<p class=\"has-black-color has-text-color\" style=\"font-size:16px\">Sortiment reprezentovan\u00fd n\u00e1sleduj\u00edc\u00edmi typy m\u011bd\u011bnoniklov\u00fdch (n\u011bmeck\u00fdch st\u0159\u00edbrn\u00fdch) trubek:<\/p>\n\n\n\n<p class=\"has-black-color has-text-color\" style=\"font-size:16px\">trubky pro v\u00fdm\u011bn\u00edky tepla. Je vyrobeno v souladu s po\u017eadavky\u00a0mezin\u00e1rodn\u00edch a rusk\u00fdch norem (EN, ASTM, GOST a\u00a0podle va\u0161ich specifikac\u00ed). Vn\u011bj\u0161\u00ed pr\u016fm\u011br\u00a06-50 mm, tlou\u0161\u0165ka st\u011bny &#8211; 0,8-8,25 mm, d\u00e9lka &#8211; od 1 do 12 m. M\u00e1 vysokou odolnost proti korozi. Typy slitin: CuNi 70\/30, 90\/10 a dal\u0161\u00ed<\/p>\n\n\n\n<p class=\"has-black-color has-text-color\" style=\"font-size:16px\">trubky pro stavbu lod\u00ed a n\u00e1mo\u0159n\u00ed pr\u016fmysl. Jsou vyrobeny v souladu s rusk\u00fdmi normami (GOST a TU), je mo\u017en\u00e9 je vyrobit podle va\u0161ich specifikac\u00ed.Slitiny CuNi11Fe1Mn,\u00a0\u00a0CuNi5Fe1. M\u00e1 vysokou odolnost proti korozi ve slan\u00e9 vod\u011b. Pr\u016fm\u011br je 6-260 mm, tlou\u0161\u0165ka st\u011bny &#8211; 1,5-10 mm<\/p>\n\n\n\n<h2 class=\"wp-block-heading has-black-color has-text-color\">Dod\u00e1vka m\u011bd\u011bnoniklov\u00fdch trubek<\/h2>\n\n\n\n<p class=\"has-black-color has-text-color\" style=\"font-size:16px\">Pokud si koup\u00edte m\u011b\u010f-niklovou dod\u00e1vku od UMMC-NFMP, koup\u00edte produkty od v\u00fdrobce bez jak\u00fdchkoliv spole\u010dnost\u00ed zab\u00fdvaj\u00edc\u00edch se obchodov\u00e1n\u00edm s kovy (p\u0159eprodej).<\/p>\n\n\n\n<p class=\"has-black-color has-text-color\" style=\"font-size:16px\">Dod\u00e1vka m\u011bd\u011bnoniklov\u00fdch trubek od 500 kg.<\/p>\n","protected":false},"excerpt":{"rendered":"<p>N\u00e1zev produktu Norma Slitina Vn\u011bj\u0161\u00ed pr\u016fm\u011br, mm Tlou\u0161\u0165ka st\u011bny, mm D\u00e9lka, m Podm\u00edn\u011bn\u00e9 dod\u00e1vky Anotace M\u011bd\u011bnoniklov\u00e9 trubky pro v\u00fdm\u011bn\u00edky tepla EN 12451 EN 12449 ASTM B111 ASTM B466 GOST 10092-2006 GOST V\u00a017646-78 C70600, C70620 (CuNi 90\/10) C71500, C71520, C71640 (CuNi 70\/30) CuNi10Fe1Mn CuNi30Fe1Mn CuNi5Fe1 CuNi5 CuNi10 6.0-50.0 0.8-8.25 1.0-12.0 Draw&#8230;<\/p>\n","protected":false},"author":1,"featured_media":0,"parent":0,"menu_order":0,"comment_status":"closed","ping_status":"closed","template":"","meta":{"footnotes":""},"class_list":["post-309","page","type-page","status-publish","hentry"],"_links":{"self":[{"href":"https:\/\/www.twlservis.cz\/index.php?rest_route=\/wp\/v2\/pages\/309","targetHints":{"allow":["GET"]}}],"collection":[{"href":"https:\/\/www.twlservis.cz\/index.php?rest_route=\/wp\/v2\/pages"}],"about":[{"href":"https:\/\/www.twlservis.cz\/index.php?rest_route=\/wp\/v2\/types\/page"}],"author":[{"embeddable":true,"href":"https:\/\/www.twlservis.cz\/index.php?rest_route=\/wp\/v2\/users\/1"}],"replies":[{"embeddable":true,"href":"https:\/\/www.twlservis.cz\/index.php?rest_route=%2Fwp%2Fv2%2Fcomments&post=309"}],"version-history":[{"count":21,"href":"https:\/\/www.twlservis.cz\/index.php?rest_route=\/wp\/v2\/pages\/309\/revisions"}],"predecessor-version":[{"id":895,"href":"https:\/\/www.twlservis.cz\/index.php?rest_route=\/wp\/v2\/pages\/309\/revisions\/895"}],"wp:attachment":[{"href":"https:\/\/www.twlservis.cz\/index.php?rest_route=%2Fwp%2Fv2%2Fmedia&parent=309"}],"curies":[{"name":"wp","href":"https:\/\/api.w.org\/{rel}","templated":true}]}}