{"id":312,"date":"2019-09-06T19:00:39","date_gmt":"2019-09-06T17:00:39","guid":{"rendered":"http:\/\/www.twlservis.cz\/?page_id=312"},"modified":"2025-02-17T13:21:06","modified_gmt":"2025-02-17T12:21:06","slug":"copper-nickel-rods-bars","status":"publish","type":"page","link":"https:\/\/www.twlservis.cz\/?page_id=312","title":{"rendered":"M\u011bd\u011bnoniklov\u00e9 ty\u010de"},"content":{"rendered":"\n<figure class=\"wp-block-table is-style-stripes\" style=\"font-size:16px\"><table class=\"has-black-color has-text-color\"><thead><tr><td><strong>N\u00e1zev produktu<\/strong><\/td><td> <strong>Norma<\/strong><\/td><td><strong>Slitina<\/strong><\/td><td><strong>Pr\u016fm\u011br, mm<\/strong><\/td><td><strong>D\u00e9lka, m<\/strong><\/td><\/tr><\/thead><tbody><tr><td>M\u011bd\u011bnoniklov\u00e9 ty\u010de\/ty\u010de<\/td><td>EN 12163 EN 12165 <\/td><td>CuNi10Fe1Mn C70600,&nbsp;C70620&nbsp;(CuNi&nbsp;90\/10) C71500,&nbsp;C71520,&nbsp;C71640&nbsp;(CuNi 70\/30) <\/td><td>16-120 <\/td><td>Rovn\u00e1 d\u00e9lka<\/td><\/tr><\/tbody><\/table><\/figure>\n\n\n\n<p class=\"has-black-color has-text-color\" style=\"font-size:16px\">M\u011bd\u011bnoniklov\u00e9 ty\u010de jsou speci\u00e1ln\u00edm typem v\u00e1lcovan\u00fdch kovov\u00fdch v\u00fdrobk\u016f. Je vyroben ze slitin m\u011bdi a niklu a m\u00e1 v pr\u016f\u0159ezu tvar kruhu nebo \u0161esti\u00faheln\u00edku. Z m\u011bd\u011bnoniklov\u00fdch ty\u010d\u00ed\/ty\u010d\u00ed vyr\u00e1b\u00edme podlo\u017eky, matice, h\u0159\u00eddele, ventily, z\u00e1tky, \u0161rouby, l\u00e9ka\u0159sk\u00e9 vybaven\u00ed a telefonn\u00ed za\u0159\u00edzen\u00ed.<\/p>\n\n\n\n<h2 class=\"wp-block-heading has-black-color has-text-color\">Obsahuje m\u011bd\u011bno-niklov\u00e9 ty\u010de<\/h2>\n\n\n\n<p class=\"has-black-color has-text-color\" style=\"font-size:16px\">Takov\u00e9 ty\u010de maj\u00ed vysokou odolnost proti korozi a vynikaj\u00edc\u00ed vodivost. Aditiva&nbsp;zlep\u0161uj\u00ed&nbsp;vlastnosti a charakteristiky m\u011bd\u011bn\u00fdch a niklov\u00fdch ty\u010d\u00ed\/ty\u010d\u00ed.Nap\u0159\u00edklad k\u0159em\u00edk, titan a mangan zvy\u0161uj\u00ed pevnost slitin a v\u00fdrobk\u016f z nich b\u011bhem sva\u0159ov\u00e1n\u00ed.<\/p>\n\n\n\n<h2 class=\"wp-block-heading has-black-color has-text-color\">\u0158ada m\u011bd\u011bno-niklov\u00fdch ty\u010d\u00ed<\/h2>\n\n\n\n<p class=\"has-black-color has-text-color\" style=\"font-size:16px\">M\u011bd\u011bnoniklov\u00e9 ty\u010de\/ty\u010de vyr\u00e1b\u00ed UMMC-NFMP&nbsp;podle&nbsp;mezin\u00e1rodn\u00edch a rusk\u00fdch norem:<\/p>\n\n\n\n<p class=\"has-black-color has-text-color\" style=\"font-size:16px\">EN 12163, 12165. M\u011bd\u011bnoniklov\u00e9 ty\u010de\/ty\u010de vyroben\u00e9 z&nbsp;CuNi10Fe1Mn a&nbsp;C70600 (Copper Nickel 70\/30,&nbsp;90\/10) atd.<\/p>\n\n\n\n<p class=\"has-black-color has-text-color\" style=\"font-size:16px\">Ostatn\u00ed slitiny dle va\u0161ich specifikac\u00ed.<\/p>\n\n\n\n<p class=\"has-black-color has-text-color\" style=\"font-size:16px\">Pr\u016fm\u011br ty\u010de\/ty\u010d\u00ed od 16 do 120 mm.<\/p>\n\n\n\n<h2 class=\"wp-block-heading has-black-color has-text-color\">Ty\u010de z niklov\u00e9ho st\u0159\u00edbra nebo n\u011bmeck\u00e9ho st\u0159\u00edbra<\/h2>\n\n\n\n<p class=\"has-black-color has-text-color\" style=\"font-size:16px\">Slitiny m\u011bdi a niklu se tak\u00e9 naz\u00fdvaj\u00ed niklov\u00e9 st\u0159\u00edbro, n\u011bmeck\u00e9 st\u0159\u00edbro, cupronickel nebo melchior. hustota materi\u00e1lu p\u0159evy\u0161uje st\u0159\u00edbro. Slitiny m\u011bdi a niklu jsou hust\u0161\u00ed ne\u017e st\u0159\u00edbro. M\u011b\u010f-nikl m\u00e1 st\u0159\u00edbrnou barvu na rozd\u00edl od jin\u00fdch ne\u017eelezn\u00fdch kov\u016f (jako je mosaz a bronz). Slitiny m\u011bdi a niklu po \u017e\u00edh\u00e1n\u00ed zhustnou (p\u0159ibli\u017en\u011b 400 MN\/m2).Mezi jeho vlastnosti pat\u0159\u00ed tak\u00e9:<\/p>\n\n\n\n<p class=\"has-black-color has-text-color\" style=\"font-size:16px\">N\u00edzk\u00e1 n\u00e1chylnost ke korozi kv\u016fli vysok\u00e9mu obsahu prvk\u016f niklu, manganu a \u017eeleza.<\/p>\n\n\n\n<p class=\"has-black-color has-text-color\" style=\"font-size:16px\">Vysok\u00fd bod t\u00e1n\u00ed.<\/p>\n\n\n\n<p class=\"has-black-color has-text-color\" style=\"font-size:16px\">Dobr\u00e1 obrobitelnost metodami tv\u00e1\u0159en\u00ed za studena a za tepla.<\/p>\n\n\n\n<h2 class=\"wp-block-heading has-black-color has-text-color\">Dod\u00e1vejte m\u011bd\u011bnoniklov\u00e9 ty\u010de<\/h2>\n\n\n\n<p class=\"has-black-color has-text-color\" style=\"font-size:16px\">Pokud si koup\u00edte m\u011bd\u011bno-niklov\u00e9 ty\u010de\/ty\u010de od UMMC-NFMP, koup\u00edte produkty od v\u00fdrobce bez jak\u00fdchkoliv obchodn\u00edch spole\u010dnost\u00ed (p\u0159eprodej) kov\u016f.<\/p>\n\n\n\n<p class=\"has-black-color has-text-color\" style=\"font-size:16px\">Dod\u00e1vka m\u011bd\u011bnoniklov\u00fdch ty\u010d\u00ed\/ty\u010d\u00ed od 500 kg.<\/p>\n","protected":false},"excerpt":{"rendered":"<p>N\u00e1zev produktu Norma Slitina Pr\u016fm\u011br, mm D\u00e9lka, m M\u011bd\u011bnoniklov\u00e9 ty\u010de\/ty\u010de EN 12163 EN 12165 CuNi10Fe1Mn C70600,&nbsp;C70620&nbsp;(CuNi&nbsp;90\/10) C71500,&nbsp;C71520,&nbsp;C71640&nbsp;(CuNi 70\/30) 16-120 Rovn\u00e1 d\u00e9lka M\u011bd\u011bnoniklov\u00e9 ty\u010de jsou speci\u00e1ln\u00edm typem v\u00e1lcovan\u00fdch kovov\u00fdch v\u00fdrobk\u016f. Je vyroben ze slitin m\u011bdi a niklu a m\u00e1 v pr\u016f\u0159ezu tvar kruhu nebo \u0161esti\u00faheln\u00edku. Z m\u011bd\u011bnoniklov\u00fdch ty\u010d\u00ed\/ty\u010d\u00ed vyr\u00e1b\u00edme podlo\u017eky, matice,&#8230;<\/p>\n","protected":false},"author":1,"featured_media":0,"parent":0,"menu_order":0,"comment_status":"closed","ping_status":"closed","template":"","meta":{"footnotes":""},"class_list":["post-312","page","type-page","status-publish","hentry"],"_links":{"self":[{"href":"https:\/\/www.twlservis.cz\/index.php?rest_route=\/wp\/v2\/pages\/312","targetHints":{"allow":["GET"]}}],"collection":[{"href":"https:\/\/www.twlservis.cz\/index.php?rest_route=\/wp\/v2\/pages"}],"about":[{"href":"https:\/\/www.twlservis.cz\/index.php?rest_route=\/wp\/v2\/types\/page"}],"author":[{"embeddable":true,"href":"https:\/\/www.twlservis.cz\/index.php?rest_route=\/wp\/v2\/users\/1"}],"replies":[{"embeddable":true,"href":"https:\/\/www.twlservis.cz\/index.php?rest_route=%2Fwp%2Fv2%2Fcomments&post=312"}],"version-history":[{"count":18,"href":"https:\/\/www.twlservis.cz\/index.php?rest_route=\/wp\/v2\/pages\/312\/revisions"}],"predecessor-version":[{"id":940,"href":"https:\/\/www.twlservis.cz\/index.php?rest_route=\/wp\/v2\/pages\/312\/revisions\/940"}],"wp:attachment":[{"href":"https:\/\/www.twlservis.cz\/index.php?rest_route=%2Fwp%2Fv2%2Fmedia&parent=312"}],"curies":[{"name":"wp","href":"https:\/\/api.w.org\/{rel}","templated":true}]}}