{"id":589,"date":"2025-02-16T11:39:38","date_gmt":"2025-02-16T10:39:38","guid":{"rendered":"https:\/\/www.twlservis.cz\/?page_id=589"},"modified":"2025-02-17T15:16:18","modified_gmt":"2025-02-17T14:16:18","slug":"kabely","status":"publish","type":"page","link":"https:\/\/www.twlservis.cz\/?page_id=589","title":{"rendered":"Kabely"},"content":{"rendered":"\n<p class=\"has-text-color\" style=\"color:#0c0c0c;font-size:18px\"><strong>Dod\u00e1v\u00e1me n\u00ed\u017ee uveden\u00e9 typy kabel\u016f, v\u010detn\u011b kabel\u016f dle vlastn\u00edch technick\u00fdch zad\u00e1n\u00ed.<\/strong><\/p>\n\n\n\n<p class=\"has-text-color\" style=\"color:#0c0c0c;font-size:16px\"><a href=\"https:\/\/www.twlservis.cz\/?page_id=954\">Nap\u00e1jec\u00ed kabely z PVC<\/a><\/p>\n\n\n\n<p class=\"has-text-color\" style=\"color:#0c0c0c;font-size:16px\"><a href=\"https:\/\/www.twlservis.cz\/?page_id=958\">Pry\u017eov\u00e9 kabely pro zvedac\u00ed za\u0159\u00edzen\u00ed a stavebn\u00ed kabely<\/a><\/p>\n\n\n\n<p class=\"has-text-color\" style=\"color:#0c0c0c;font-size:16px\"><a href=\"https:\/\/www.twlservis.cz\/?page_id=986\">Vysoce flexibiln\u00ed kabely do vle\u010dn\u00fdch \u0159et\u011bz\u016f a servo kabely<\/a><\/p>\n\n\n\n<p class=\"has-text-color\" style=\"color:#0c0c0c;font-size:16px\"><a href=\"https:\/\/www.twlservis.cz\/?page_id=960\">Ovl\u00e1dac\u00ed kabely<\/a><\/p>\n\n\n\n<p class=\"has-text-color\" style=\"color:#0c0c0c;font-size:16px\">Kabely pro jiskrov\u011b bezpe\u010dn\u00e9 obvody<\/p>\n\n\n\n<p class=\"has-text-color\" style=\"color:#0c0c0c;font-size:16px\"><a href=\"https:\/\/www.twlservis.cz\/?page_id=962\">Teplotn\u011b odoln\u00e9 kabely<\/a><\/p>\n\n\n\n<p class=\"has-text-color\" style=\"color:#0c0c0c;font-size:16px\"><a href=\"https:\/\/www.twlservis.cz\/?page_id=964\">Nap\u00e1jec\u00ed kabel 1-30 kV<\/a><\/p>\n\n\n\n<p class=\"has-text-color\" style=\"color:#0c0c0c;font-size:16px\"><a href=\"https:\/\/www.twlservis.cz\/?page_id=966\">D\u00e1lkov\u00e9 a po\u017e\u00e1rn\u00ed poplachov\u00e9 veden\u00ed<\/a><\/p>\n\n\n\n<p class=\"has-text-color\" style=\"color:#0c0c0c;font-size:16px\"><a href=\"https:\/\/www.twlservis.cz\/?page_id=968\">Speci\u00e1ln\u00ed kabely a vodi\u010de<\/a><\/p>\n\n\n\n<p class=\"has-text-color\" style=\"color:#0c0c0c;font-size:16px\"><a href=\"https:\/\/www.twlservis.cz\/?page_id=982\">Elektronick\u00e9 a datov\u00e9 kabely<\/a><\/p>\n\n\n\n<p class=\"has-text-color\" style=\"color:#0c0c0c;font-size:16px\"><a href=\"https:\/\/www.twlservis.cz\/?page_id=973\">Bezhalogenov\u00e9 a ohniodoln\u00e9 kabely a veden\u00ed<\/a><\/p>\n\n\n\n<p class=\"has-text-color\" style=\"color:#0c0c0c;font-size:16px\">Kompenza\u010dn\u00ed a termo\u010dl\u00e1nkov\u00e1 veden\u00ed<\/p>\n\n\n\n<p class=\"has-text-color\" style=\"color:#0c0c0c;font-size:16px\">Kabely pro fotovoltaick\u00e1 za\u0159\u00edzen\u00ed<\/p>\n\n\n\n<p class=\"has-text-color\" style=\"color:#0c0c0c;font-size:16px\">Kabely pro dopravn\u00ed, tunelov\u00e9 stavby<\/p>\n\n\n\n<p class=\"has-text-color\" style=\"color:#0c0c0c;font-size:16px\">Kabely dle vlastn\u00edch technick\u00fdch zad\u00e1n\u00ed<\/p>\n","protected":false},"excerpt":{"rendered":"<p>Dod\u00e1v\u00e1me n\u00ed\u017ee uveden\u00e9 typy kabel\u016f, v\u010detn\u011b kabel\u016f dle vlastn\u00edch technick\u00fdch zad\u00e1n\u00ed. Nap\u00e1jec\u00ed kabely z PVC Pry\u017eov\u00e9 kabely pro zvedac\u00ed za\u0159\u00edzen\u00ed a stavebn\u00ed kabely Vysoce flexibiln\u00ed kabely do vle\u010dn\u00fdch \u0159et\u011bz\u016f a servo kabely Ovl\u00e1dac\u00ed kabely Kabely pro jiskrov\u011b bezpe\u010dn\u00e9 obvody Teplotn\u011b odoln\u00e9 kabely Nap\u00e1jec\u00ed kabel 1-30 kV D\u00e1lkov\u00e9 a po\u017e\u00e1rn\u00ed poplachov\u00e9&#8230;<\/p>\n","protected":false},"author":1,"featured_media":0,"parent":0,"menu_order":0,"comment_status":"closed","ping_status":"closed","template":"","meta":{"footnotes":""},"class_list":["post-589","page","type-page","status-publish","hentry"],"_links":{"self":[{"href":"https:\/\/www.twlservis.cz\/index.php?rest_route=\/wp\/v2\/pages\/589","targetHints":{"allow":["GET"]}}],"collection":[{"href":"https:\/\/www.twlservis.cz\/index.php?rest_route=\/wp\/v2\/pages"}],"about":[{"href":"https:\/\/www.twlservis.cz\/index.php?rest_route=\/wp\/v2\/types\/page"}],"author":[{"embeddable":true,"href":"https:\/\/www.twlservis.cz\/index.php?rest_route=\/wp\/v2\/users\/1"}],"replies":[{"embeddable":true,"href":"https:\/\/www.twlservis.cz\/index.php?rest_route=%2Fwp%2Fv2%2Fcomments&post=589"}],"version-history":[{"count":24,"href":"https:\/\/www.twlservis.cz\/index.php?rest_route=\/wp\/v2\/pages\/589\/revisions"}],"predecessor-version":[{"id":1000,"href":"https:\/\/www.twlservis.cz\/index.php?rest_route=\/wp\/v2\/pages\/589\/revisions\/1000"}],"wp:attachment":[{"href":"https:\/\/www.twlservis.cz\/index.php?rest_route=%2Fwp%2Fv2%2Fmedia&parent=589"}],"curies":[{"name":"wp","href":"https:\/\/api.w.org\/{rel}","templated":true}]}}