{"id":9,"date":"2014-07-07T21:37:32","date_gmt":"2014-07-07T19:37:32","guid":{"rendered":"http:\/\/www.twlservis.cz\/?page_id=9"},"modified":"2025-02-17T15:15:26","modified_gmt":"2025-02-17T14:15:26","slug":"kontakt","status":"publish","type":"page","link":"https:\/\/www.twlservis.cz\/?page_id=9","title":{"rendered":"Kontakt"},"content":{"rendered":"\n<p class=\"has-black-color has-text-color\" style=\"font-size:18px\"><strong>TWL servis s.r.o.<\/strong><\/p>\n\n\n\n<p class=\"has-black-color has-text-color\" style=\"font-size:18px\">Lu\u010dn\u00ed 449,\u00a0332 09 \u0160t\u011bnovice, okr. Plze\u0148 &#8211; jih<\/p>\n\n\n\n<p class=\"has-black-color has-text-color\" style=\"font-size:18px\">I\u010c:\u00a004040716\u00a0 \u00a0DI\u010c: CZ04040716<\/p>\n\n\n\n<p class=\"has-black-color has-text-color\" style=\"font-size:18px\">Tel.: 00420 736 681 579<\/p>\n\n\n\n<p class=\"has-black-color has-text-color\" style=\"font-size:18px\">E-mail: info@twlservis.cz<\/p>\n","protected":false},"excerpt":{"rendered":"<p>TWL servis s.r.o. Lu\u010dn\u00ed 449,\u00a0332 09 \u0160t\u011bnovice, okr. Plze\u0148 &#8211; jih I\u010c:\u00a004040716\u00a0 \u00a0DI\u010c: CZ04040716 Tel.: 00420 736 681 579 E-mail: info@twlservis.cz<\/p>\n","protected":false},"author":1,"featured_media":0,"parent":0,"menu_order":0,"comment_status":"closed","ping_status":"closed","template":"","meta":{"footnotes":""},"class_list":["post-9","page","type-page","status-publish","hentry"],"_links":{"self":[{"href":"https:\/\/www.twlservis.cz\/index.php?rest_route=\/wp\/v2\/pages\/9","targetHints":{"allow":["GET"]}}],"collection":[{"href":"https:\/\/www.twlservis.cz\/index.php?rest_route=\/wp\/v2\/pages"}],"about":[{"href":"https:\/\/www.twlservis.cz\/index.php?rest_route=\/wp\/v2\/types\/page"}],"author":[{"embeddable":true,"href":"https:\/\/www.twlservis.cz\/index.php?rest_route=\/wp\/v2\/users\/1"}],"replies":[{"embeddable":true,"href":"https:\/\/www.twlservis.cz\/index.php?rest_route=%2Fwp%2Fv2%2Fcomments&post=9"}],"version-history":[{"count":21,"href":"https:\/\/www.twlservis.cz\/index.php?rest_route=\/wp\/v2\/pages\/9\/revisions"}],"predecessor-version":[{"id":997,"href":"https:\/\/www.twlservis.cz\/index.php?rest_route=\/wp\/v2\/pages\/9\/revisions\/997"}],"wp:attachment":[{"href":"https:\/\/www.twlservis.cz\/index.php?rest_route=%2Fwp%2Fv2%2Fmedia&parent=9"}],"curies":[{"name":"wp","href":"https:\/\/api.w.org\/{rel}","templated":true}]}}