{"id":954,"date":"2025-02-17T14:28:15","date_gmt":"2025-02-17T13:28:15","guid":{"rendered":"https:\/\/www.twlservis.cz\/?page_id=954"},"modified":"2025-02-17T14:29:16","modified_gmt":"2025-02-17T13:29:16","slug":"napajeci-kabely-z-pvc","status":"publish","type":"page","link":"https:\/\/www.twlservis.cz\/?page_id=954","title":{"rendered":"Nap\u00e1jec\u00ed kabely z PVC"},"content":{"rendered":"\n<p class=\"has-black-color has-text-color\" style=\"font-size:16px\">PVC-jedno\u017eilov\u00e9 vodi\u010de<\/p>\n\n\n\n<p class=\"has-black-color has-text-color\" style=\"font-size:16px\">Vodi\u010de UL<\/p>\n\n\n\n<p class=\"has-black-color has-text-color\" style=\"font-size:16px\">Kabely s PVC pl\u00e1\u0161t\u011bm<\/p>\n\n\n\n<p class=\"has-black-color has-text-color\" style=\"font-size:16px\">Ploch\u00fd m\u016fstkov\u00fd kabel<\/p>\n\n\n\n<p class=\"has-black-color has-text-color\" style=\"font-size:16px\">Hadicov\u00e9 veden\u00ed z PVC<\/p>\n\n\n\n<p class=\"has-black-color has-text-color\" style=\"font-size:16px\">Dvojit\u00e9 kabely z PVC<\/p>\n\n\n\n<p class=\"has-black-color has-text-color\" style=\"font-size:16px\">Reproduktorov\u00e9 kabely<\/p>\n\n\n\n<p class=\"has-black-color has-text-color\" style=\"font-size:16px\">Bateriov\u00e9 kabely<\/p>\n","protected":false},"excerpt":{"rendered":"<p>PVC-jedno\u017eilov\u00e9 vodi\u010de Vodi\u010de UL Kabely s PVC pl\u00e1\u0161t\u011bm Ploch\u00fd m\u016fstkov\u00fd kabel Hadicov\u00e9 veden\u00ed z PVC Dvojit\u00e9 kabely z PVC Reproduktorov\u00e9 kabely Bateriov\u00e9 kabely<\/p>\n","protected":false},"author":1,"featured_media":0,"parent":589,"menu_order":0,"comment_status":"closed","ping_status":"closed","template":"","meta":{"footnotes":""},"class_list":["post-954","page","type-page","status-publish","hentry"],"_links":{"self":[{"href":"https:\/\/www.twlservis.cz\/index.php?rest_route=\/wp\/v2\/pages\/954","targetHints":{"allow":["GET"]}}],"collection":[{"href":"https:\/\/www.twlservis.cz\/index.php?rest_route=\/wp\/v2\/pages"}],"about":[{"href":"https:\/\/www.twlservis.cz\/index.php?rest_route=\/wp\/v2\/types\/page"}],"author":[{"embeddable":true,"href":"https:\/\/www.twlservis.cz\/index.php?rest_route=\/wp\/v2\/users\/1"}],"replies":[{"embeddable":true,"href":"https:\/\/www.twlservis.cz\/index.php?rest_route=%2Fwp%2Fv2%2Fcomments&post=954"}],"version-history":[{"count":2,"href":"https:\/\/www.twlservis.cz\/index.php?rest_route=\/wp\/v2\/pages\/954\/revisions"}],"predecessor-version":[{"id":956,"href":"https:\/\/www.twlservis.cz\/index.php?rest_route=\/wp\/v2\/pages\/954\/revisions\/956"}],"up":[{"embeddable":true,"href":"https:\/\/www.twlservis.cz\/index.php?rest_route=\/wp\/v2\/pages\/589"}],"wp:attachment":[{"href":"https:\/\/www.twlservis.cz\/index.php?rest_route=%2Fwp%2Fv2%2Fmedia&parent=954"}],"curies":[{"name":"wp","href":"https:\/\/api.w.org\/{rel}","templated":true}]}}