{"id":958,"date":"2025-02-17T14:30:15","date_gmt":"2025-02-17T13:30:15","guid":{"rendered":"https:\/\/www.twlservis.cz\/?page_id=958"},"modified":"2025-02-17T14:30:31","modified_gmt":"2025-02-17T13:30:31","slug":"pryzove-kabely-pro-zvedaci-zarizeni-a-stavebni-kabely","status":"publish","type":"page","link":"https:\/\/www.twlservis.cz\/?page_id=958","title":{"rendered":"Pry\u017eov\u00e9 kabely pro zvedac\u00ed za\u0159\u00edzen\u00ed a stavebn\u00ed kabely"},"content":{"rendered":"\n<p class=\"has-black-color has-text-color\" style=\"font-size:16px\">Gumov\u00e9 kabely<\/p>\n\n\n\n<p class=\"has-black-color has-text-color\" style=\"font-size:16px\">Kabely je\u0159\u00e1b\u016f a kladkostroj\u016f<\/p>\n\n\n\n<p class=\"has-black-color has-text-color\" style=\"font-size:16px\">Stavebn\u00ed a purkabely<\/p>\n","protected":false},"excerpt":{"rendered":"<p>Gumov\u00e9 kabely Kabely je\u0159\u00e1b\u016f a kladkostroj\u016f Stavebn\u00ed a purkabely<\/p>\n","protected":false},"author":1,"featured_media":0,"parent":589,"menu_order":0,"comment_status":"closed","ping_status":"closed","template":"","meta":{"footnotes":""},"class_list":["post-958","page","type-page","status-publish","hentry"],"_links":{"self":[{"href":"https:\/\/www.twlservis.cz\/index.php?rest_route=\/wp\/v2\/pages\/958","targetHints":{"allow":["GET"]}}],"collection":[{"href":"https:\/\/www.twlservis.cz\/index.php?rest_route=\/wp\/v2\/pages"}],"about":[{"href":"https:\/\/www.twlservis.cz\/index.php?rest_route=\/wp\/v2\/types\/page"}],"author":[{"embeddable":true,"href":"https:\/\/www.twlservis.cz\/index.php?rest_route=\/wp\/v2\/users\/1"}],"replies":[{"embeddable":true,"href":"https:\/\/www.twlservis.cz\/index.php?rest_route=%2Fwp%2Fv2%2Fcomments&post=958"}],"version-history":[{"count":1,"href":"https:\/\/www.twlservis.cz\/index.php?rest_route=\/wp\/v2\/pages\/958\/revisions"}],"predecessor-version":[{"id":959,"href":"https:\/\/www.twlservis.cz\/index.php?rest_route=\/wp\/v2\/pages\/958\/revisions\/959"}],"up":[{"embeddable":true,"href":"https:\/\/www.twlservis.cz\/index.php?rest_route=\/wp\/v2\/pages\/589"}],"wp:attachment":[{"href":"https:\/\/www.twlservis.cz\/index.php?rest_route=%2Fwp%2Fv2%2Fmedia&parent=958"}],"curies":[{"name":"wp","href":"https:\/\/api.w.org\/{rel}","templated":true}]}}