{"id":960,"date":"2025-02-17T14:32:32","date_gmt":"2025-02-17T13:32:32","guid":{"rendered":"https:\/\/www.twlservis.cz\/?page_id=960"},"modified":"2025-02-17T14:32:47","modified_gmt":"2025-02-17T13:32:47","slug":"ovladaci-kabely","status":"publish","type":"page","link":"https:\/\/www.twlservis.cz\/?page_id=960","title":{"rendered":"Ovl\u00e1dac\u00ed kabely"},"content":{"rendered":"\n<p class=\"has-black-color has-text-color\" style=\"font-size:16px\">Ovl\u00e1dac\u00ed kabely z PVC<\/p>\n\n\n\n<p class=\"has-black-color has-text-color\" style=\"font-size:16px\">Ovl\u00e1dac\u00ed kabely z PVC &#8211; jiskrov\u011b bezpe\u010dn\u00e9<\/p>\n\n\n\n<p class=\"has-black-color has-text-color\" style=\"font-size:16px\">Ovl\u00e1dac\u00ed kabel &#8211; harmonizovan\u00fd<\/p>\n\n\n\n<p class=\"has-black-color has-text-color\" style=\"font-size:16px\">Ovl\u00e1dac\u00ed kabely UL<\/p>\n\n\n\n<p class=\"has-black-color has-text-color\" style=\"font-size:16px\">P\u0159\u00edvodn\u00ed veden\u00ed motoru<\/p>\n","protected":false},"excerpt":{"rendered":"<p>Ovl\u00e1dac\u00ed kabely z PVC Ovl\u00e1dac\u00ed kabely z PVC &#8211; jiskrov\u011b bezpe\u010dn\u00e9 Ovl\u00e1dac\u00ed kabel &#8211; harmonizovan\u00fd Ovl\u00e1dac\u00ed kabely UL P\u0159\u00edvodn\u00ed veden\u00ed motoru<\/p>\n","protected":false},"author":1,"featured_media":0,"parent":589,"menu_order":0,"comment_status":"closed","ping_status":"closed","template":"","meta":{"footnotes":""},"class_list":["post-960","page","type-page","status-publish","hentry"],"_links":{"self":[{"href":"https:\/\/www.twlservis.cz\/index.php?rest_route=\/wp\/v2\/pages\/960","targetHints":{"allow":["GET"]}}],"collection":[{"href":"https:\/\/www.twlservis.cz\/index.php?rest_route=\/wp\/v2\/pages"}],"about":[{"href":"https:\/\/www.twlservis.cz\/index.php?rest_route=\/wp\/v2\/types\/page"}],"author":[{"embeddable":true,"href":"https:\/\/www.twlservis.cz\/index.php?rest_route=\/wp\/v2\/users\/1"}],"replies":[{"embeddable":true,"href":"https:\/\/www.twlservis.cz\/index.php?rest_route=%2Fwp%2Fv2%2Fcomments&post=960"}],"version-history":[{"count":1,"href":"https:\/\/www.twlservis.cz\/index.php?rest_route=\/wp\/v2\/pages\/960\/revisions"}],"predecessor-version":[{"id":961,"href":"https:\/\/www.twlservis.cz\/index.php?rest_route=\/wp\/v2\/pages\/960\/revisions\/961"}],"up":[{"embeddable":true,"href":"https:\/\/www.twlservis.cz\/index.php?rest_route=\/wp\/v2\/pages\/589"}],"wp:attachment":[{"href":"https:\/\/www.twlservis.cz\/index.php?rest_route=%2Fwp%2Fv2%2Fmedia&parent=960"}],"curies":[{"name":"wp","href":"https:\/\/api.w.org\/{rel}","templated":true}]}}