{"id":962,"date":"2025-02-17T14:33:44","date_gmt":"2025-02-17T13:33:44","guid":{"rendered":"https:\/\/www.twlservis.cz\/?page_id=962"},"modified":"2025-02-17T14:34:00","modified_gmt":"2025-02-17T13:34:00","slug":"teplotne-odolne-kabely","status":"publish","type":"page","link":"https:\/\/www.twlservis.cz\/?page_id=962","title":{"rendered":"Teplotn\u011b odoln\u00e9 kabely"},"content":{"rendered":"\n<p class=\"has-black-color has-text-color\" style=\"font-size:16px\">Teplotn\u011b odoln\u00e9 j\u00e1dro kabelu<\/p>\n\n\n\n<p class=\"has-black-color has-text-color\" style=\"font-size:16px\">Teplotn\u011b odoln\u00e9 hadicov\u00e9 veden\u00ed<\/p>\n\n\n\n<p class=\"has-black-color has-text-color\" style=\"font-size:16px\">Teplotn\u011b odoln\u00e9 zapalovac\u00ed kabely<\/p>\n","protected":false},"excerpt":{"rendered":"<p>Teplotn\u011b odoln\u00e9 j\u00e1dro kabelu Teplotn\u011b odoln\u00e9 hadicov\u00e9 veden\u00ed Teplotn\u011b odoln\u00e9 zapalovac\u00ed kabely<\/p>\n","protected":false},"author":1,"featured_media":0,"parent":589,"menu_order":0,"comment_status":"closed","ping_status":"closed","template":"","meta":{"footnotes":""},"class_list":["post-962","page","type-page","status-publish","hentry"],"_links":{"self":[{"href":"https:\/\/www.twlservis.cz\/index.php?rest_route=\/wp\/v2\/pages\/962","targetHints":{"allow":["GET"]}}],"collection":[{"href":"https:\/\/www.twlservis.cz\/index.php?rest_route=\/wp\/v2\/pages"}],"about":[{"href":"https:\/\/www.twlservis.cz\/index.php?rest_route=\/wp\/v2\/types\/page"}],"author":[{"embeddable":true,"href":"https:\/\/www.twlservis.cz\/index.php?rest_route=\/wp\/v2\/users\/1"}],"replies":[{"embeddable":true,"href":"https:\/\/www.twlservis.cz\/index.php?rest_route=%2Fwp%2Fv2%2Fcomments&post=962"}],"version-history":[{"count":1,"href":"https:\/\/www.twlservis.cz\/index.php?rest_route=\/wp\/v2\/pages\/962\/revisions"}],"predecessor-version":[{"id":963,"href":"https:\/\/www.twlservis.cz\/index.php?rest_route=\/wp\/v2\/pages\/962\/revisions\/963"}],"up":[{"embeddable":true,"href":"https:\/\/www.twlservis.cz\/index.php?rest_route=\/wp\/v2\/pages\/589"}],"wp:attachment":[{"href":"https:\/\/www.twlservis.cz\/index.php?rest_route=%2Fwp%2Fv2%2Fmedia&parent=962"}],"curies":[{"name":"wp","href":"https:\/\/api.w.org\/{rel}","templated":true}]}}