{"id":964,"date":"2025-02-17T14:35:02","date_gmt":"2025-02-17T13:35:02","guid":{"rendered":"https:\/\/www.twlservis.cz\/?page_id=964"},"modified":"2025-02-17T14:51:30","modified_gmt":"2025-02-17T13:51:30","slug":"napajeci-kabel-1-30-kv","status":"publish","type":"page","link":"https:\/\/www.twlservis.cz\/?page_id=964","title":{"rendered":"Nap\u00e1jec\u00ed kabel 1-30 kV"},"content":{"rendered":"\n<p class=\"has-black-color has-text-color\" style=\"font-size:16px\">Nap\u00e1jec\u00ed kabel 0,6\/1kV<\/p>\n\n\n\n<p class=\"has-black-color has-text-color\" style=\"font-size:16px\">Panc\u00e9\u0159ovan\u00fd nap\u00e1jec\u00ed kabel<\/p>\n\n\n\n<p class=\"has-black-color has-text-color\" style=\"font-size:16px\">Kabely podle mezin\u00e1rodn\u00ed normy<\/p>\n\n\n\n<p class=\"has-black-color has-text-color\" style=\"font-size:16px\">St\u0159edn\u011bnap\u011b\u0165ov\u00fd kabel<\/p>\n\n\n\n<p class=\"has-black-color has-text-color\" style=\"font-size:16px\">M\u011bd\u011bn\u00e9 kabely<\/p>\n","protected":false},"excerpt":{"rendered":"<p>Nap\u00e1jec\u00ed kabel 0,6\/1kV Panc\u00e9\u0159ovan\u00fd nap\u00e1jec\u00ed kabel Kabely podle mezin\u00e1rodn\u00ed normy St\u0159edn\u011bnap\u011b\u0165ov\u00fd kabel M\u011bd\u011bn\u00e9 kabely<\/p>\n","protected":false},"author":1,"featured_media":0,"parent":589,"menu_order":0,"comment_status":"closed","ping_status":"closed","template":"","meta":{"footnotes":""},"class_list":["post-964","page","type-page","status-publish","hentry"],"_links":{"self":[{"href":"https:\/\/www.twlservis.cz\/index.php?rest_route=\/wp\/v2\/pages\/964","targetHints":{"allow":["GET"]}}],"collection":[{"href":"https:\/\/www.twlservis.cz\/index.php?rest_route=\/wp\/v2\/pages"}],"about":[{"href":"https:\/\/www.twlservis.cz\/index.php?rest_route=\/wp\/v2\/types\/page"}],"author":[{"embeddable":true,"href":"https:\/\/www.twlservis.cz\/index.php?rest_route=\/wp\/v2\/users\/1"}],"replies":[{"embeddable":true,"href":"https:\/\/www.twlservis.cz\/index.php?rest_route=%2Fwp%2Fv2%2Fcomments&post=964"}],"version-history":[{"count":1,"href":"https:\/\/www.twlservis.cz\/index.php?rest_route=\/wp\/v2\/pages\/964\/revisions"}],"predecessor-version":[{"id":965,"href":"https:\/\/www.twlservis.cz\/index.php?rest_route=\/wp\/v2\/pages\/964\/revisions\/965"}],"up":[{"embeddable":true,"href":"https:\/\/www.twlservis.cz\/index.php?rest_route=\/wp\/v2\/pages\/589"}],"wp:attachment":[{"href":"https:\/\/www.twlservis.cz\/index.php?rest_route=%2Fwp%2Fv2%2Fmedia&parent=964"}],"curies":[{"name":"wp","href":"https:\/\/api.w.org\/{rel}","templated":true}]}}