{"id":968,"date":"2025-02-17T14:37:27","date_gmt":"2025-02-17T13:37:27","guid":{"rendered":"https:\/\/www.twlservis.cz\/?page_id=968"},"modified":"2025-02-17T14:38:02","modified_gmt":"2025-02-17T13:38:02","slug":"specialni-kabely-a-vodice","status":"publish","type":"page","link":"https:\/\/www.twlservis.cz\/?page_id=968","title":{"rendered":"Speci\u00e1ln\u00ed kabely a vodi\u010de"},"content":{"rendered":"\n<p class=\"has-black-color has-text-color\" style=\"font-size:16px\">Sol\u00e1rn\u00ed kabely<\/p>\n\n\n\n<p class=\"has-black-color has-text-color\" style=\"font-size:16px\">Kabely pro alarmy<\/p>\n\n\n\n<p class=\"has-black-color has-text-color\" style=\"font-size:16px\">Kabely k vozidl\u016fm<\/p>\n\n\n\n<p class=\"has-black-color has-text-color\" style=\"font-size:16px\">Ploch\u00e9 kabely<\/p>\n","protected":false},"excerpt":{"rendered":"<p>Sol\u00e1rn\u00ed kabely Kabely pro alarmy Kabely k vozidl\u016fm Ploch\u00e9 kabely<\/p>\n","protected":false},"author":1,"featured_media":0,"parent":589,"menu_order":0,"comment_status":"closed","ping_status":"closed","template":"","meta":{"footnotes":""},"class_list":["post-968","page","type-page","status-publish","hentry"],"_links":{"self":[{"href":"https:\/\/www.twlservis.cz\/index.php?rest_route=\/wp\/v2\/pages\/968","targetHints":{"allow":["GET"]}}],"collection":[{"href":"https:\/\/www.twlservis.cz\/index.php?rest_route=\/wp\/v2\/pages"}],"about":[{"href":"https:\/\/www.twlservis.cz\/index.php?rest_route=\/wp\/v2\/types\/page"}],"author":[{"embeddable":true,"href":"https:\/\/www.twlservis.cz\/index.php?rest_route=\/wp\/v2\/users\/1"}],"replies":[{"embeddable":true,"href":"https:\/\/www.twlservis.cz\/index.php?rest_route=%2Fwp%2Fv2%2Fcomments&post=968"}],"version-history":[{"count":2,"href":"https:\/\/www.twlservis.cz\/index.php?rest_route=\/wp\/v2\/pages\/968\/revisions"}],"predecessor-version":[{"id":970,"href":"https:\/\/www.twlservis.cz\/index.php?rest_route=\/wp\/v2\/pages\/968\/revisions\/970"}],"up":[{"embeddable":true,"href":"https:\/\/www.twlservis.cz\/index.php?rest_route=\/wp\/v2\/pages\/589"}],"wp:attachment":[{"href":"https:\/\/www.twlservis.cz\/index.php?rest_route=%2Fwp%2Fv2%2Fmedia&parent=968"}],"curies":[{"name":"wp","href":"https:\/\/api.w.org\/{rel}","templated":true}]}}