{"id":982,"date":"2025-02-17T14:50:07","date_gmt":"2025-02-17T13:50:07","guid":{"rendered":"https:\/\/www.twlservis.cz\/?page_id=982"},"modified":"2025-02-18T08:43:49","modified_gmt":"2025-02-18T07:43:49","slug":"elektronicke-a-datove-kabely-2","status":"publish","type":"page","link":"https:\/\/www.twlservis.cz\/?page_id=982","title":{"rendered":"Elektronick\u00e9 a datov\u00e9 kabely"},"content":{"rendered":"\n<p class=\"has-black-color has-text-color\" style=\"font-size:16px\">Elektronick\u00e9 kabely<\/p>\n\n\n\n<p class=\"has-black-color has-text-color\" style=\"font-size:16px\">Po\u010d\u00edta\u010dov\u00fd kabel<\/p>\n\n\n\n<p class=\"has-black-color has-text-color\" style=\"font-size:16px\">Koaxi\u00e1ln\u00ed kabel<\/p>\n\n\n\n<p class=\"has-black-color has-text-color\" style=\"font-size:16px\">Datov\u00e9 p\u0159enosov\u00e9 linky<\/p>\n\n\n\n<p class=\"has-black-color has-text-color\" style=\"font-size:16px\">Sb\u011brnicov\u00e9 kabely<\/p>\n\n\n\n<p class=\"has-black-color has-text-color\" style=\"font-size:16px\">Optick\u00fd kabel<\/p>\n","protected":false},"excerpt":{"rendered":"<p>Elektronick\u00e9 kabely Po\u010d\u00edta\u010dov\u00fd kabel Koaxi\u00e1ln\u00ed kabel Datov\u00e9 p\u0159enosov\u00e9 linky Sb\u011brnicov\u00e9 kabely Optick\u00fd kabel<\/p>\n","protected":false},"author":1,"featured_media":0,"parent":589,"menu_order":0,"comment_status":"closed","ping_status":"closed","template":"","meta":{"footnotes":""},"class_list":["post-982","page","type-page","status-publish","hentry"],"_links":{"self":[{"href":"https:\/\/www.twlservis.cz\/index.php?rest_route=\/wp\/v2\/pages\/982","targetHints":{"allow":["GET"]}}],"collection":[{"href":"https:\/\/www.twlservis.cz\/index.php?rest_route=\/wp\/v2\/pages"}],"about":[{"href":"https:\/\/www.twlservis.cz\/index.php?rest_route=\/wp\/v2\/types\/page"}],"author":[{"embeddable":true,"href":"https:\/\/www.twlservis.cz\/index.php?rest_route=\/wp\/v2\/users\/1"}],"replies":[{"embeddable":true,"href":"https:\/\/www.twlservis.cz\/index.php?rest_route=%2Fwp%2Fv2%2Fcomments&post=982"}],"version-history":[{"count":1,"href":"https:\/\/www.twlservis.cz\/index.php?rest_route=\/wp\/v2\/pages\/982\/revisions"}],"predecessor-version":[{"id":983,"href":"https:\/\/www.twlservis.cz\/index.php?rest_route=\/wp\/v2\/pages\/982\/revisions\/983"}],"up":[{"embeddable":true,"href":"https:\/\/www.twlservis.cz\/index.php?rest_route=\/wp\/v2\/pages\/589"}],"wp:attachment":[{"href":"https:\/\/www.twlservis.cz\/index.php?rest_route=%2Fwp%2Fv2%2Fmedia&parent=982"}],"curies":[{"name":"wp","href":"https:\/\/api.w.org\/{rel}","templated":true}]}}