{"id":986,"date":"2025-02-17T14:54:14","date_gmt":"2025-02-17T13:54:14","guid":{"rendered":"https:\/\/www.twlservis.cz\/?page_id=986"},"modified":"2025-02-17T15:18:15","modified_gmt":"2025-02-17T14:18:15","slug":"vysoce-flexibilni-kabely-do-vlecnych-retezu-a-servo-kabely","status":"publish","type":"page","link":"https:\/\/www.twlservis.cz\/?page_id=986","title":{"rendered":"Vysoce flexibiln\u00ed kabely do vle\u010dn\u00fdch \u0159et\u011bz\u016f a servo kabely"},"content":{"rendered":"\n<p class=\"has-black-color has-text-color\" style=\"font-size:16px\">PVC kabely do vl\u011b\u010dn\u00fdch \u0159et\u011bz\u016f<\/p>\n\n\n\n<p class=\"has-black-color has-text-color\" style=\"font-size:16px\">PUR kabely do vle\u010dn\u00fdch \u0159et\u011bz\u016f<\/p>\n\n\n\n<p class=\"has-black-color has-text-color\" style=\"font-size:16px\">Vysoce flexibiln\u00ed elektronick\u00e9 kabely<\/p>\n\n\n\n<p class=\"has-black-color has-text-color\" style=\"font-size:16px\">Kabel signalizace polohy motoru<\/p>\n\n\n\n<p class=\"has-black-color has-text-color\" style=\"font-size:16px\">Servokabel<\/p>\n","protected":false},"excerpt":{"rendered":"<p>PVC kabely do vl\u011b\u010dn\u00fdch \u0159et\u011bz\u016f PUR kabely do vle\u010dn\u00fdch \u0159et\u011bz\u016f Vysoce flexibiln\u00ed elektronick\u00e9 kabely Kabel signalizace polohy motoru Servokabel<\/p>\n","protected":false},"author":1,"featured_media":0,"parent":589,"menu_order":0,"comment_status":"closed","ping_status":"closed","template":"","meta":{"footnotes":""},"class_list":["post-986","page","type-page","status-publish","hentry"],"_links":{"self":[{"href":"https:\/\/www.twlservis.cz\/index.php?rest_route=\/wp\/v2\/pages\/986","targetHints":{"allow":["GET"]}}],"collection":[{"href":"https:\/\/www.twlservis.cz\/index.php?rest_route=\/wp\/v2\/pages"}],"about":[{"href":"https:\/\/www.twlservis.cz\/index.php?rest_route=\/wp\/v2\/types\/page"}],"author":[{"embeddable":true,"href":"https:\/\/www.twlservis.cz\/index.php?rest_route=\/wp\/v2\/users\/1"}],"replies":[{"embeddable":true,"href":"https:\/\/www.twlservis.cz\/index.php?rest_route=%2Fwp%2Fv2%2Fcomments&post=986"}],"version-history":[{"count":1,"href":"https:\/\/www.twlservis.cz\/index.php?rest_route=\/wp\/v2\/pages\/986\/revisions"}],"predecessor-version":[{"id":987,"href":"https:\/\/www.twlservis.cz\/index.php?rest_route=\/wp\/v2\/pages\/986\/revisions\/987"}],"up":[{"embeddable":true,"href":"https:\/\/www.twlservis.cz\/index.php?rest_route=\/wp\/v2\/pages\/589"}],"wp:attachment":[{"href":"https:\/\/www.twlservis.cz\/index.php?rest_route=%2Fwp%2Fv2%2Fmedia&parent=986"}],"curies":[{"name":"wp","href":"https:\/\/api.w.org\/{rel}","templated":true}]}}